{"id":1948,"date":"2016-09-29T09:16:11","date_gmt":"2016-09-29T09:16:11","guid":{"rendered":"http:\/\/eteacher.webstickprojects.co.il\/pt\/home\/"},"modified":"2025-09-01T06:29:08","modified_gmt":"2025-09-01T06:29:08","slug":"home","status":"publish","type":"page","link":"https:\/\/rosenhebrewschool.com\/pt\/","title":{"rendered":"Home"},"content":{"rendered":"","protected":false},"excerpt":{"rendered":"","protected":false},"author":18,"featured_media":0,"parent":0,"menu_order":0,"comment_status":"closed","ping_status":"closed","template":"page-home.php","meta":{"_acf_changed":false,"inline_featured_image":false,"footnotes":""},"class_list":["post-1948","page","type-page","status-publish","hentry"],"acf":[],"yoast_head":"<!-- This site is optimized with the Yoast SEO plugin v26.5 - https:\/\/yoast.com\/wordpress\/plugins\/seo\/ -->\n<title>Aprenda hebraico on-line com professores israelenses - Rosen Instituto de Hebraico<\/title>\n<meta name=\"description\" content=\"Por meio dos nossos cursos on-line, voc\u00ea vai aprender a falar, ler e escrever em hebraico, e enriquecer seu conhecimento sobre a cultura judaica. Nossas aulas s\u00e3o oferecidas para todos os n\u00edveis e s\u00e3o ministradas pelos melhores professores de Israel. Determinados programas oferecem reconhecimento da Universidade Hebraica de Jerusal\u00e9m.\" \/>\n<meta name=\"robots\" content=\"index, follow, max-snippet:-1, max-image-preview:large, max-video-preview:-1\" \/>\n<link rel=\"canonical\" href=\"https:\/\/rosenhebrewschool.com\/pt\/\" \/>\n<meta property=\"og:locale\" content=\"pt_PT\" \/>\n<meta property=\"og:type\" content=\"article\" \/>\n<meta property=\"og:title\" content=\"Aprenda hebraico on-line com professores israelenses - Rosen Instituto de Hebraico\" \/>\n<meta property=\"og:description\" content=\"Por meio dos nossos cursos on-line, voc\u00ea vai aprender a falar, ler e escrever em hebraico, e enriquecer seu conhecimento sobre a cultura judaica. Nossas aulas s\u00e3o oferecidas para todos os n\u00edveis e s\u00e3o ministradas pelos melhores professores de Israel. Determinados programas oferecem reconhecimento da Universidade Hebraica de Jerusal\u00e9m.\" \/>\n<meta property=\"og:url\" content=\"https:\/\/rosenhebrewschool.com\/pt\/\" \/>\n<meta property=\"og:site_name\" content=\"Rosen School of Hebrew\" \/>\n<meta property=\"article:modified_time\" content=\"2025-09-01T06:29:08+00:00\" \/>\n<meta name=\"twitter:card\" content=\"summary_large_image\" \/>\n<script type=\"application\/ld+json\" class=\"yoast-schema-graph\">{\"@context\":\"https:\/\/schema.org\",\"@graph\":[{\"@type\":\"WebPage\",\"@id\":\"https:\/\/rosenhebrewschool.com\/pt\/\",\"url\":\"https:\/\/rosenhebrewschool.com\/pt\/\",\"name\":\"Aprenda hebraico on-line com professores israelenses - Rosen Instituto de Hebraico\",\"isPartOf\":{\"@id\":\"https:\/\/rosenhebrewschool.com\/#website\"},\"datePublished\":\"2016-09-29T09:16:11+00:00\",\"dateModified\":\"2025-09-01T06:29:08+00:00\",\"description\":\"Por meio dos nossos cursos on-line, voc\u00ea vai aprender a falar, ler e escrever em hebraico, e enriquecer seu conhecimento sobre a cultura judaica. Nossas aulas s\u00e3o oferecidas para todos os n\u00edveis e s\u00e3o ministradas pelos melhores professores de Israel. Determinados programas oferecem reconhecimento da Universidade Hebraica de Jerusal\u00e9m.\",\"breadcrumb\":{\"@id\":\"https:\/\/rosenhebrewschool.com\/pt\/#breadcrumb\"},\"inLanguage\":\"pt\",\"potentialAction\":[{\"@type\":\"ReadAction\",\"target\":[\"https:\/\/rosenhebrewschool.com\/pt\/\"]}]},{\"@type\":\"BreadcrumbList\",\"@id\":\"https:\/\/rosenhebrewschool.com\/pt\/#breadcrumb\",\"itemListElement\":[{\"@type\":\"ListItem\",\"position\":1,\"name\":\"Home\",\"item\":\"https:\/\/rosenhebrewschool.com\/pt\/\"},{\"@type\":\"ListItem\",\"position\":2,\"name\":\"Home\"}]},{\"@type\":\"WebSite\",\"@id\":\"https:\/\/rosenhebrewschool.com\/#website\",\"url\":\"https:\/\/rosenhebrewschool.com\/\",\"name\":\"Rosen School of Hebrew\",\"description\":\"Deepen Your Understanding of the Bible\",\"potentialAction\":[{\"@type\":\"SearchAction\",\"target\":{\"@type\":\"EntryPoint\",\"urlTemplate\":\"https:\/\/rosenhebrewschool.com\/?s={search_term_string}\"},\"query-input\":{\"@type\":\"PropertyValueSpecification\",\"valueRequired\":true,\"valueName\":\"search_term_string\"}}],\"inLanguage\":\"pt\"}]}<\/script>\n<!-- \/ Yoast SEO plugin. -->","yoast_head_json":{"title":"Aprenda hebraico on-line com professores israelenses - Rosen Instituto de Hebraico","description":"Por meio dos nossos cursos on-line, voc\u00ea vai aprender a falar, ler e escrever em hebraico, e enriquecer seu conhecimento sobre a cultura judaica. Nossas aulas s\u00e3o oferecidas para todos os n\u00edveis e s\u00e3o ministradas pelos melhores professores de Israel. Determinados programas oferecem reconhecimento da Universidade Hebraica de Jerusal\u00e9m.","robots":{"index":"index","follow":"follow","max-snippet":"max-snippet:-1","max-image-preview":"max-image-preview:large","max-video-preview":"max-video-preview:-1"},"canonical":"https:\/\/rosenhebrewschool.com\/pt\/","og_locale":"pt_PT","og_type":"article","og_title":"Aprenda hebraico on-line com professores israelenses - Rosen Instituto de Hebraico","og_description":"Por meio dos nossos cursos on-line, voc\u00ea vai aprender a falar, ler e escrever em hebraico, e enriquecer seu conhecimento sobre a cultura judaica. Nossas aulas s\u00e3o oferecidas para todos os n\u00edveis e s\u00e3o ministradas pelos melhores professores de Israel. Determinados programas oferecem reconhecimento da Universidade Hebraica de Jerusal\u00e9m.","og_url":"https:\/\/rosenhebrewschool.com\/pt\/","og_site_name":"Rosen School of Hebrew","article_modified_time":"2025-09-01T06:29:08+00:00","twitter_card":"summary_large_image","schema":{"@context":"https:\/\/schema.org","@graph":[{"@type":"WebPage","@id":"https:\/\/rosenhebrewschool.com\/pt\/","url":"https:\/\/rosenhebrewschool.com\/pt\/","name":"Aprenda hebraico on-line com professores israelenses - Rosen Instituto de Hebraico","isPartOf":{"@id":"https:\/\/rosenhebrewschool.com\/#website"},"datePublished":"2016-09-29T09:16:11+00:00","dateModified":"2025-09-01T06:29:08+00:00","description":"Por meio dos nossos cursos on-line, voc\u00ea vai aprender a falar, ler e escrever em hebraico, e enriquecer seu conhecimento sobre a cultura judaica. Nossas aulas s\u00e3o oferecidas para todos os n\u00edveis e s\u00e3o ministradas pelos melhores professores de Israel. Determinados programas oferecem reconhecimento da Universidade Hebraica de Jerusal\u00e9m.","breadcrumb":{"@id":"https:\/\/rosenhebrewschool.com\/pt\/#breadcrumb"},"inLanguage":"pt","potentialAction":[{"@type":"ReadAction","target":["https:\/\/rosenhebrewschool.com\/pt\/"]}]},{"@type":"BreadcrumbList","@id":"https:\/\/rosenhebrewschool.com\/pt\/#breadcrumb","itemListElement":[{"@type":"ListItem","position":1,"name":"Home","item":"https:\/\/rosenhebrewschool.com\/pt\/"},{"@type":"ListItem","position":2,"name":"Home"}]},{"@type":"WebSite","@id":"https:\/\/rosenhebrewschool.com\/#website","url":"https:\/\/rosenhebrewschool.com\/","name":"Rosen School of Hebrew","description":"Deepen Your Understanding of the Bible","potentialAction":[{"@type":"SearchAction","target":{"@type":"EntryPoint","urlTemplate":"https:\/\/rosenhebrewschool.com\/?s={search_term_string}"},"query-input":{"@type":"PropertyValueSpecification","valueRequired":true,"valueName":"search_term_string"}}],"inLanguage":"pt"}]}},"jetpack_shortlink":"https:\/\/wp.me\/PghxeR-vq","jetpack_sharing_enabled":true,"_links":{"self":[{"href":"https:\/\/rosenhebrewschool.com\/pt\/wp-json\/wp\/v2\/pages\/1948","targetHints":{"allow":["GET"]}}],"collection":[{"href":"https:\/\/rosenhebrewschool.com\/pt\/wp-json\/wp\/v2\/pages"}],"about":[{"href":"https:\/\/rosenhebrewschool.com\/pt\/wp-json\/wp\/v2\/types\/page"}],"author":[{"embeddable":true,"href":"https:\/\/rosenhebrewschool.com\/pt\/wp-json\/wp\/v2\/users\/18"}],"replies":[{"embeddable":true,"href":"https:\/\/rosenhebrewschool.com\/pt\/wp-json\/wp\/v2\/comments?post=1948"}],"version-history":[{"count":0,"href":"https:\/\/rosenhebrewschool.com\/pt\/wp-json\/wp\/v2\/pages\/1948\/revisions"}],"wp:attachment":[{"href":"https:\/\/rosenhebrewschool.com\/pt\/wp-json\/wp\/v2\/media?parent=1948"}],"curies":[{"name":"wp","href":"https:\/\/api.w.org\/{rel}","templated":true}]}}