{"id":1534,"date":"2016-09-20T08:30:53","date_gmt":"2016-09-20T08:30:53","guid":{"rendered":"http:\/\/eteacher.webstickprojects.co.il\/pt\/about\/"},"modified":"2025-06-27T11:00:35","modified_gmt":"2025-06-27T11:00:35","slug":"about","status":"publish","type":"page","link":"https:\/\/rosenhebrewschool.com\/pt\/about\/","title":{"rendered":"Sobre n\u00f3s"},"content":{"rendered":"","protected":false},"excerpt":{"rendered":"","protected":false},"author":18,"featured_media":0,"parent":0,"menu_order":0,"comment_status":"closed","ping_status":"closed","template":"page-about.php","meta":{"_acf_changed":false,"inline_featured_image":false,"footnotes":""},"class_list":["post-1534","page","type-page","status-publish","hentry"],"acf":[],"yoast_head":"<!-- This site is optimized with the Yoast SEO plugin v26.5 - https:\/\/yoast.com\/wordpress\/plugins\/seo\/ -->\n<title>Quem somos n\u00f3s - o principal instituto de hebraico moderno contempor\u00e2neo<\/title>\n<meta name=\"description\" content=\"Conhe\u00e7a a hist\u00f3ria do nosso instituto. N\u00f3s combinamos a tradi\u00e7\u00e3o judaica com a modernidade das aulas on-line, todas ministradas por professores nativos de Israel, possibilitando que os alunos de hebraico estudem o idioma de maneira eficiente e prazerosa.\" \/>\n<meta name=\"robots\" content=\"index, follow, max-snippet:-1, max-image-preview:large, max-video-preview:-1\" \/>\n<link rel=\"canonical\" href=\"https:\/\/rosenhebrewschool.com\/pt\/about\/\" \/>\n<meta property=\"og:locale\" content=\"pt_PT\" \/>\n<meta property=\"og:type\" content=\"article\" \/>\n<meta property=\"og:title\" content=\"Quem somos n\u00f3s - o principal instituto de hebraico moderno contempor\u00e2neo\" \/>\n<meta property=\"og:description\" content=\"Conhe\u00e7a a hist\u00f3ria do nosso instituto. N\u00f3s combinamos a tradi\u00e7\u00e3o judaica com a modernidade das aulas on-line, todas ministradas por professores nativos de Israel, possibilitando que os alunos de hebraico estudem o idioma de maneira eficiente e prazerosa.\" \/>\n<meta property=\"og:url\" content=\"https:\/\/rosenhebrewschool.com\/pt\/about\/\" \/>\n<meta property=\"og:site_name\" content=\"Rosen School of Hebrew\" \/>\n<meta property=\"article:modified_time\" content=\"2025-06-27T11:00:35+00:00\" \/>\n<meta name=\"twitter:card\" content=\"summary_large_image\" \/>\n<script type=\"application\/ld+json\" class=\"yoast-schema-graph\">{\"@context\":\"https:\/\/schema.org\",\"@graph\":[{\"@type\":\"WebPage\",\"@id\":\"https:\/\/rosenhebrewschool.com\/pt\/about\/\",\"url\":\"https:\/\/rosenhebrewschool.com\/pt\/about\/\",\"name\":\"Quem somos n\u00f3s - o principal instituto de hebraico moderno contempor\u00e2neo\",\"isPartOf\":{\"@id\":\"https:\/\/rosenhebrewschool.com\/#website\"},\"datePublished\":\"2016-09-20T08:30:53+00:00\",\"dateModified\":\"2025-06-27T11:00:35+00:00\",\"description\":\"Conhe\u00e7a a hist\u00f3ria do nosso instituto. N\u00f3s combinamos a tradi\u00e7\u00e3o judaica com a modernidade das aulas on-line, todas ministradas por professores nativos de Israel, possibilitando que os alunos de hebraico estudem o idioma de maneira eficiente e prazerosa.\",\"breadcrumb\":{\"@id\":\"https:\/\/rosenhebrewschool.com\/pt\/about\/#breadcrumb\"},\"inLanguage\":\"pt\",\"potentialAction\":[{\"@type\":\"ReadAction\",\"target\":[\"https:\/\/rosenhebrewschool.com\/pt\/about\/\"]}]},{\"@type\":\"BreadcrumbList\",\"@id\":\"https:\/\/rosenhebrewschool.com\/pt\/about\/#breadcrumb\",\"itemListElement\":[{\"@type\":\"ListItem\",\"position\":1,\"name\":\"Home\",\"item\":\"https:\/\/rosenhebrewschool.com\/pt\/\"},{\"@type\":\"ListItem\",\"position\":2,\"name\":\"Sobre n\u00f3s\"}]},{\"@type\":\"WebSite\",\"@id\":\"https:\/\/rosenhebrewschool.com\/#website\",\"url\":\"https:\/\/rosenhebrewschool.com\/\",\"name\":\"Rosen School of Hebrew\",\"description\":\"Deepen Your Understanding of the Bible\",\"potentialAction\":[{\"@type\":\"SearchAction\",\"target\":{\"@type\":\"EntryPoint\",\"urlTemplate\":\"https:\/\/rosenhebrewschool.com\/?s={search_term_string}\"},\"query-input\":{\"@type\":\"PropertyValueSpecification\",\"valueRequired\":true,\"valueName\":\"search_term_string\"}}],\"inLanguage\":\"pt\"}]}<\/script>\n<!-- \/ Yoast SEO plugin. -->","yoast_head_json":{"title":"Quem somos n\u00f3s - o principal instituto de hebraico moderno contempor\u00e2neo","description":"Conhe\u00e7a a hist\u00f3ria do nosso instituto. N\u00f3s combinamos a tradi\u00e7\u00e3o judaica com a modernidade das aulas on-line, todas ministradas por professores nativos de Israel, possibilitando que os alunos de hebraico estudem o idioma de maneira eficiente e prazerosa.","robots":{"index":"index","follow":"follow","max-snippet":"max-snippet:-1","max-image-preview":"max-image-preview:large","max-video-preview":"max-video-preview:-1"},"canonical":"https:\/\/rosenhebrewschool.com\/pt\/about\/","og_locale":"pt_PT","og_type":"article","og_title":"Quem somos n\u00f3s - o principal instituto de hebraico moderno contempor\u00e2neo","og_description":"Conhe\u00e7a a hist\u00f3ria do nosso instituto. N\u00f3s combinamos a tradi\u00e7\u00e3o judaica com a modernidade das aulas on-line, todas ministradas por professores nativos de Israel, possibilitando que os alunos de hebraico estudem o idioma de maneira eficiente e prazerosa.","og_url":"https:\/\/rosenhebrewschool.com\/pt\/about\/","og_site_name":"Rosen School of Hebrew","article_modified_time":"2025-06-27T11:00:35+00:00","twitter_card":"summary_large_image","schema":{"@context":"https:\/\/schema.org","@graph":[{"@type":"WebPage","@id":"https:\/\/rosenhebrewschool.com\/pt\/about\/","url":"https:\/\/rosenhebrewschool.com\/pt\/about\/","name":"Quem somos n\u00f3s - o principal instituto de hebraico moderno contempor\u00e2neo","isPartOf":{"@id":"https:\/\/rosenhebrewschool.com\/#website"},"datePublished":"2016-09-20T08:30:53+00:00","dateModified":"2025-06-27T11:00:35+00:00","description":"Conhe\u00e7a a hist\u00f3ria do nosso instituto. N\u00f3s combinamos a tradi\u00e7\u00e3o judaica com a modernidade das aulas on-line, todas ministradas por professores nativos de Israel, possibilitando que os alunos de hebraico estudem o idioma de maneira eficiente e prazerosa.","breadcrumb":{"@id":"https:\/\/rosenhebrewschool.com\/pt\/about\/#breadcrumb"},"inLanguage":"pt","potentialAction":[{"@type":"ReadAction","target":["https:\/\/rosenhebrewschool.com\/pt\/about\/"]}]},{"@type":"BreadcrumbList","@id":"https:\/\/rosenhebrewschool.com\/pt\/about\/#breadcrumb","itemListElement":[{"@type":"ListItem","position":1,"name":"Home","item":"https:\/\/rosenhebrewschool.com\/pt\/"},{"@type":"ListItem","position":2,"name":"Sobre n\u00f3s"}]},{"@type":"WebSite","@id":"https:\/\/rosenhebrewschool.com\/#website","url":"https:\/\/rosenhebrewschool.com\/","name":"Rosen School of Hebrew","description":"Deepen Your Understanding of the Bible","potentialAction":[{"@type":"SearchAction","target":{"@type":"EntryPoint","urlTemplate":"https:\/\/rosenhebrewschool.com\/?s={search_term_string}"},"query-input":{"@type":"PropertyValueSpecification","valueRequired":true,"valueName":"search_term_string"}}],"inLanguage":"pt"}]}},"jetpack_shortlink":"https:\/\/wp.me\/PghxeR-oK","jetpack_sharing_enabled":true,"_links":{"self":[{"href":"https:\/\/rosenhebrewschool.com\/pt\/wp-json\/wp\/v2\/pages\/1534","targetHints":{"allow":["GET"]}}],"collection":[{"href":"https:\/\/rosenhebrewschool.com\/pt\/wp-json\/wp\/v2\/pages"}],"about":[{"href":"https:\/\/rosenhebrewschool.com\/pt\/wp-json\/wp\/v2\/types\/page"}],"author":[{"embeddable":true,"href":"https:\/\/rosenhebrewschool.com\/pt\/wp-json\/wp\/v2\/users\/18"}],"replies":[{"embeddable":true,"href":"https:\/\/rosenhebrewschool.com\/pt\/wp-json\/wp\/v2\/comments?post=1534"}],"version-history":[{"count":0,"href":"https:\/\/rosenhebrewschool.com\/pt\/wp-json\/wp\/v2\/pages\/1534\/revisions"}],"wp:attachment":[{"href":"https:\/\/rosenhebrewschool.com\/pt\/wp-json\/wp\/v2\/media?parent=1534"}],"curies":[{"name":"wp","href":"https:\/\/api.w.org\/{rel}","templated":true}]}}