{"id":6710,"date":"2016-09-29T09:16:11","date_gmt":"2016-09-29T09:16:11","guid":{"rendered":"http:\/\/eteacher.webstickprojects.co.il\/fr\/home\/"},"modified":"2025-08-22T07:59:17","modified_gmt":"2025-08-22T07:59:17","slug":"home","status":"publish","type":"page","link":"https:\/\/rosenhebrewschool.com\/fr\/","title":{"rendered":"Accueil"},"content":{"rendered":"","protected":false},"excerpt":{"rendered":"","protected":false},"author":18,"featured_media":0,"parent":0,"menu_order":0,"comment_status":"closed","ping_status":"closed","template":"page-home.php","meta":{"_acf_changed":false,"inline_featured_image":false,"footnotes":""},"class_list":["post-6710","page","type-page","status-publish","hentry"],"acf":[],"yoast_head":"<!-- This site is optimized with the Yoast SEO plugin v26.5 - https:\/\/yoast.com\/wordpress\/plugins\/seo\/ -->\n<title>Apprenez l&#039;h\u00e9breu en ligne avec des enseignants isra\u00e9liens<\/title>\n<meta name=\"description\" content=\"Nos cours en ligne vous permettront d&#039;apprendre \u00e0 parler, lire et \u00e9crire en h\u00e9breu tout en enrichissant vos connaissances de la culture juive. Nos classes conviennent \u00e0 tous les niveaux et sont anim\u00e9es par les meilleurs enseignants d\u2019Isra\u00ebl. Certains programmes offrent des unit\u00e9s de valeur de l&#039;universit\u00e9 h\u00e9bra\u00efque de J\u00e9rusalem.\" \/>\n<meta name=\"robots\" content=\"index, follow, max-snippet:-1, max-image-preview:large, max-video-preview:-1\" \/>\n<link rel=\"canonical\" href=\"https:\/\/rosenhebrewschool.com\/fr\/\" \/>\n<meta property=\"og:locale\" content=\"fr_FR\" \/>\n<meta property=\"og:type\" content=\"article\" \/>\n<meta property=\"og:title\" content=\"Apprenez l&#039;h\u00e9breu en ligne avec des enseignants isra\u00e9liens\" \/>\n<meta property=\"og:description\" content=\"Nos cours en ligne vous permettront d&#039;apprendre \u00e0 parler, lire et \u00e9crire en h\u00e9breu tout en enrichissant vos connaissances de la culture juive. Nos classes conviennent \u00e0 tous les niveaux et sont anim\u00e9es par les meilleurs enseignants d\u2019Isra\u00ebl. Certains programmes offrent des unit\u00e9s de valeur de l&#039;universit\u00e9 h\u00e9bra\u00efque de J\u00e9rusalem.\" \/>\n<meta property=\"og:url\" content=\"https:\/\/rosenhebrewschool.com\/fr\/\" \/>\n<meta property=\"og:site_name\" content=\"Rosen School of Hebrew\" \/>\n<meta property=\"article:modified_time\" content=\"2025-08-22T07:59:17+00:00\" \/>\n<meta name=\"twitter:card\" content=\"summary_large_image\" \/>\n<script type=\"application\/ld+json\" class=\"yoast-schema-graph\">{\"@context\":\"https:\/\/schema.org\",\"@graph\":[{\"@type\":\"WebPage\",\"@id\":\"https:\/\/rosenhebrewschool.com\/fr\/\",\"url\":\"https:\/\/rosenhebrewschool.com\/fr\/\",\"name\":\"Apprenez l'h\u00e9breu en ligne avec des enseignants isra\u00e9liens\",\"isPartOf\":{\"@id\":\"https:\/\/rosenhebrewschool.com\/#website\"},\"datePublished\":\"2016-09-29T09:16:11+00:00\",\"dateModified\":\"2025-08-22T07:59:17+00:00\",\"description\":\"Nos cours en ligne vous permettront d'apprendre \u00e0 parler, lire et \u00e9crire en h\u00e9breu tout en enrichissant vos connaissances de la culture juive. Nos classes conviennent \u00e0 tous les niveaux et sont anim\u00e9es par les meilleurs enseignants d\u2019Isra\u00ebl. Certains programmes offrent des unit\u00e9s de valeur de l'universit\u00e9 h\u00e9bra\u00efque de J\u00e9rusalem.\",\"breadcrumb\":{\"@id\":\"https:\/\/rosenhebrewschool.com\/fr\/#breadcrumb\"},\"inLanguage\":\"fr-FR\",\"potentialAction\":[{\"@type\":\"ReadAction\",\"target\":[\"https:\/\/rosenhebrewschool.com\/fr\/\"]}]},{\"@type\":\"BreadcrumbList\",\"@id\":\"https:\/\/rosenhebrewschool.com\/fr\/#breadcrumb\",\"itemListElement\":[{\"@type\":\"ListItem\",\"position\":1,\"name\":\"Home\",\"item\":\"https:\/\/rosenhebrewschool.com\/fr\/\"},{\"@type\":\"ListItem\",\"position\":2,\"name\":\"Accueil\"}]},{\"@type\":\"WebSite\",\"@id\":\"https:\/\/rosenhebrewschool.com\/#website\",\"url\":\"https:\/\/rosenhebrewschool.com\/\",\"name\":\"Rosen School of Hebrew\",\"description\":\"Deepen Your Understanding of the Bible\",\"potentialAction\":[{\"@type\":\"SearchAction\",\"target\":{\"@type\":\"EntryPoint\",\"urlTemplate\":\"https:\/\/rosenhebrewschool.com\/?s={search_term_string}\"},\"query-input\":{\"@type\":\"PropertyValueSpecification\",\"valueRequired\":true,\"valueName\":\"search_term_string\"}}],\"inLanguage\":\"fr-FR\"}]}<\/script>\n<!-- \/ Yoast SEO plugin. -->","yoast_head_json":{"title":"Apprenez l'h\u00e9breu en ligne avec des enseignants isra\u00e9liens","description":"Nos cours en ligne vous permettront d'apprendre \u00e0 parler, lire et \u00e9crire en h\u00e9breu tout en enrichissant vos connaissances de la culture juive. Nos classes conviennent \u00e0 tous les niveaux et sont anim\u00e9es par les meilleurs enseignants d\u2019Isra\u00ebl. Certains programmes offrent des unit\u00e9s de valeur de l'universit\u00e9 h\u00e9bra\u00efque de J\u00e9rusalem.","robots":{"index":"index","follow":"follow","max-snippet":"max-snippet:-1","max-image-preview":"max-image-preview:large","max-video-preview":"max-video-preview:-1"},"canonical":"https:\/\/rosenhebrewschool.com\/fr\/","og_locale":"fr_FR","og_type":"article","og_title":"Apprenez l'h\u00e9breu en ligne avec des enseignants isra\u00e9liens","og_description":"Nos cours en ligne vous permettront d'apprendre \u00e0 parler, lire et \u00e9crire en h\u00e9breu tout en enrichissant vos connaissances de la culture juive. Nos classes conviennent \u00e0 tous les niveaux et sont anim\u00e9es par les meilleurs enseignants d\u2019Isra\u00ebl. Certains programmes offrent des unit\u00e9s de valeur de l'universit\u00e9 h\u00e9bra\u00efque de J\u00e9rusalem.","og_url":"https:\/\/rosenhebrewschool.com\/fr\/","og_site_name":"Rosen School of Hebrew","article_modified_time":"2025-08-22T07:59:17+00:00","twitter_card":"summary_large_image","schema":{"@context":"https:\/\/schema.org","@graph":[{"@type":"WebPage","@id":"https:\/\/rosenhebrewschool.com\/fr\/","url":"https:\/\/rosenhebrewschool.com\/fr\/","name":"Apprenez l'h\u00e9breu en ligne avec des enseignants isra\u00e9liens","isPartOf":{"@id":"https:\/\/rosenhebrewschool.com\/#website"},"datePublished":"2016-09-29T09:16:11+00:00","dateModified":"2025-08-22T07:59:17+00:00","description":"Nos cours en ligne vous permettront d'apprendre \u00e0 parler, lire et \u00e9crire en h\u00e9breu tout en enrichissant vos connaissances de la culture juive. Nos classes conviennent \u00e0 tous les niveaux et sont anim\u00e9es par les meilleurs enseignants d\u2019Isra\u00ebl. Certains programmes offrent des unit\u00e9s de valeur de l'universit\u00e9 h\u00e9bra\u00efque de J\u00e9rusalem.","breadcrumb":{"@id":"https:\/\/rosenhebrewschool.com\/fr\/#breadcrumb"},"inLanguage":"fr-FR","potentialAction":[{"@type":"ReadAction","target":["https:\/\/rosenhebrewschool.com\/fr\/"]}]},{"@type":"BreadcrumbList","@id":"https:\/\/rosenhebrewschool.com\/fr\/#breadcrumb","itemListElement":[{"@type":"ListItem","position":1,"name":"Home","item":"https:\/\/rosenhebrewschool.com\/fr\/"},{"@type":"ListItem","position":2,"name":"Accueil"}]},{"@type":"WebSite","@id":"https:\/\/rosenhebrewschool.com\/#website","url":"https:\/\/rosenhebrewschool.com\/","name":"Rosen School of Hebrew","description":"Deepen Your Understanding of the Bible","potentialAction":[{"@type":"SearchAction","target":{"@type":"EntryPoint","urlTemplate":"https:\/\/rosenhebrewschool.com\/?s={search_term_string}"},"query-input":{"@type":"PropertyValueSpecification","valueRequired":true,"valueName":"search_term_string"}}],"inLanguage":"fr-FR"}]}},"jetpack_shortlink":"https:\/\/wp.me\/PghxeR-1Ke","jetpack_sharing_enabled":true,"_links":{"self":[{"href":"https:\/\/rosenhebrewschool.com\/fr\/wp-json\/wp\/v2\/pages\/6710","targetHints":{"allow":["GET"]}}],"collection":[{"href":"https:\/\/rosenhebrewschool.com\/fr\/wp-json\/wp\/v2\/pages"}],"about":[{"href":"https:\/\/rosenhebrewschool.com\/fr\/wp-json\/wp\/v2\/types\/page"}],"author":[{"embeddable":true,"href":"https:\/\/rosenhebrewschool.com\/fr\/wp-json\/wp\/v2\/users\/18"}],"replies":[{"embeddable":true,"href":"https:\/\/rosenhebrewschool.com\/fr\/wp-json\/wp\/v2\/comments?post=6710"}],"version-history":[{"count":0,"href":"https:\/\/rosenhebrewschool.com\/fr\/wp-json\/wp\/v2\/pages\/6710\/revisions"}],"wp:attachment":[{"href":"https:\/\/rosenhebrewschool.com\/fr\/wp-json\/wp\/v2\/media?parent=6710"}],"curies":[{"name":"wp","href":"https:\/\/api.w.org\/{rel}","templated":true}]}}