{"id":6706,"date":"2016-09-20T08:30:29","date_gmt":"2016-09-20T08:30:29","guid":{"rendered":"http:\/\/eteacher.webstickprojects.co.il\/fr\/how-it-works\/"},"modified":"2025-06-05T07:12:20","modified_gmt":"2025-06-05T07:12:20","slug":"how-it-works","status":"publish","type":"page","link":"https:\/\/rosenhebrewschool.com\/fr\/how-it-works\/","title":{"rendered":"Comment \u00e7a marche"},"content":{"rendered":"","protected":false},"excerpt":{"rendered":"","protected":false},"author":18,"featured_media":0,"parent":0,"menu_order":0,"comment_status":"closed","ping_status":"closed","template":"page-how-it-works.php","meta":{"_acf_changed":false,"inline_featured_image":false,"footnotes":""},"class_list":["post-6706","page","type-page","status-publish","hentry"],"acf":[],"yoast_head":"<!-- This site is optimized with the Yoast SEO plugin v26.5 - https:\/\/yoast.com\/wordpress\/plugins\/seo\/ -->\n<title>L&#039;Institut d&#039;h\u00e9breu Rosen - Une m\u00e9thode d&#039;enseignement de l&#039;h\u00e9breu novatrice<\/title>\n<meta name=\"description\" content=\"Nous vous connectons avec des enseignants certifi\u00e9s et une communaut\u00e9 par le biais de nos cours en ligne. Le programme comprend un environnement enrichissant permettant aux \u00e9l\u00e8ves d&#039;apprendre et de progresser, dont des forums \u00e9l\u00e8ves-enseignant, un contenu en ligne pour \u00e9largir vos connaissances et des sessions pratiques hebdomadaires.\" \/>\n<meta name=\"robots\" content=\"index, follow, max-snippet:-1, max-image-preview:large, max-video-preview:-1\" \/>\n<link rel=\"canonical\" href=\"https:\/\/rosenhebrewschool.com\/fr\/how-it-works\/\" \/>\n<meta property=\"og:locale\" content=\"fr_FR\" \/>\n<meta property=\"og:type\" content=\"article\" \/>\n<meta property=\"og:title\" content=\"L&#039;Institut d&#039;h\u00e9breu Rosen - Une m\u00e9thode d&#039;enseignement de l&#039;h\u00e9breu novatrice\" \/>\n<meta property=\"og:description\" content=\"Nous vous connectons avec des enseignants certifi\u00e9s et une communaut\u00e9 par le biais de nos cours en ligne. Le programme comprend un environnement enrichissant permettant aux \u00e9l\u00e8ves d&#039;apprendre et de progresser, dont des forums \u00e9l\u00e8ves-enseignant, un contenu en ligne pour \u00e9largir vos connaissances et des sessions pratiques hebdomadaires.\" \/>\n<meta property=\"og:url\" content=\"https:\/\/rosenhebrewschool.com\/fr\/how-it-works\/\" \/>\n<meta property=\"og:site_name\" content=\"Rosen School of Hebrew\" \/>\n<meta property=\"article:modified_time\" content=\"2025-06-05T07:12:20+00:00\" \/>\n<meta name=\"twitter:card\" content=\"summary_large_image\" \/>\n<script type=\"application\/ld+json\" class=\"yoast-schema-graph\">{\"@context\":\"https:\/\/schema.org\",\"@graph\":[{\"@type\":\"WebPage\",\"@id\":\"https:\/\/rosenhebrewschool.com\/fr\/how-it-works\/\",\"url\":\"https:\/\/rosenhebrewschool.com\/fr\/how-it-works\/\",\"name\":\"L'Institut d'h\u00e9breu Rosen - Une m\u00e9thode d'enseignement de l'h\u00e9breu novatrice\",\"isPartOf\":{\"@id\":\"https:\/\/rosenhebrewschool.com\/#website\"},\"datePublished\":\"2016-09-20T08:30:29+00:00\",\"dateModified\":\"2025-06-05T07:12:20+00:00\",\"description\":\"Nous vous connectons avec des enseignants certifi\u00e9s et une communaut\u00e9 par le biais de nos cours en ligne. Le programme comprend un environnement enrichissant permettant aux \u00e9l\u00e8ves d'apprendre et de progresser, dont des forums \u00e9l\u00e8ves-enseignant, un contenu en ligne pour \u00e9largir vos connaissances et des sessions pratiques hebdomadaires.\",\"breadcrumb\":{\"@id\":\"https:\/\/rosenhebrewschool.com\/fr\/how-it-works\/#breadcrumb\"},\"inLanguage\":\"fr-FR\",\"potentialAction\":[{\"@type\":\"ReadAction\",\"target\":[\"https:\/\/rosenhebrewschool.com\/fr\/how-it-works\/\"]}]},{\"@type\":\"BreadcrumbList\",\"@id\":\"https:\/\/rosenhebrewschool.com\/fr\/how-it-works\/#breadcrumb\",\"itemListElement\":[{\"@type\":\"ListItem\",\"position\":1,\"name\":\"Home\",\"item\":\"https:\/\/rosenhebrewschool.com\/fr\/\"},{\"@type\":\"ListItem\",\"position\":2,\"name\":\"Comment \u00e7a marche\"}]},{\"@type\":\"WebSite\",\"@id\":\"https:\/\/rosenhebrewschool.com\/#website\",\"url\":\"https:\/\/rosenhebrewschool.com\/\",\"name\":\"Rosen School of Hebrew\",\"description\":\"Deepen Your Understanding of the Bible\",\"potentialAction\":[{\"@type\":\"SearchAction\",\"target\":{\"@type\":\"EntryPoint\",\"urlTemplate\":\"https:\/\/rosenhebrewschool.com\/?s={search_term_string}\"},\"query-input\":{\"@type\":\"PropertyValueSpecification\",\"valueRequired\":true,\"valueName\":\"search_term_string\"}}],\"inLanguage\":\"fr-FR\"}]}<\/script>\n<!-- \/ Yoast SEO plugin. -->","yoast_head_json":{"title":"L'Institut d'h\u00e9breu Rosen - Une m\u00e9thode d'enseignement de l'h\u00e9breu novatrice","description":"Nous vous connectons avec des enseignants certifi\u00e9s et une communaut\u00e9 par le biais de nos cours en ligne. Le programme comprend un environnement enrichissant permettant aux \u00e9l\u00e8ves d'apprendre et de progresser, dont des forums \u00e9l\u00e8ves-enseignant, un contenu en ligne pour \u00e9largir vos connaissances et des sessions pratiques hebdomadaires.","robots":{"index":"index","follow":"follow","max-snippet":"max-snippet:-1","max-image-preview":"max-image-preview:large","max-video-preview":"max-video-preview:-1"},"canonical":"https:\/\/rosenhebrewschool.com\/fr\/how-it-works\/","og_locale":"fr_FR","og_type":"article","og_title":"L'Institut d'h\u00e9breu Rosen - Une m\u00e9thode d'enseignement de l'h\u00e9breu novatrice","og_description":"Nous vous connectons avec des enseignants certifi\u00e9s et une communaut\u00e9 par le biais de nos cours en ligne. Le programme comprend un environnement enrichissant permettant aux \u00e9l\u00e8ves d'apprendre et de progresser, dont des forums \u00e9l\u00e8ves-enseignant, un contenu en ligne pour \u00e9largir vos connaissances et des sessions pratiques hebdomadaires.","og_url":"https:\/\/rosenhebrewschool.com\/fr\/how-it-works\/","og_site_name":"Rosen School of Hebrew","article_modified_time":"2025-06-05T07:12:20+00:00","twitter_card":"summary_large_image","schema":{"@context":"https:\/\/schema.org","@graph":[{"@type":"WebPage","@id":"https:\/\/rosenhebrewschool.com\/fr\/how-it-works\/","url":"https:\/\/rosenhebrewschool.com\/fr\/how-it-works\/","name":"L'Institut d'h\u00e9breu Rosen - Une m\u00e9thode d'enseignement de l'h\u00e9breu novatrice","isPartOf":{"@id":"https:\/\/rosenhebrewschool.com\/#website"},"datePublished":"2016-09-20T08:30:29+00:00","dateModified":"2025-06-05T07:12:20+00:00","description":"Nous vous connectons avec des enseignants certifi\u00e9s et une communaut\u00e9 par le biais de nos cours en ligne. Le programme comprend un environnement enrichissant permettant aux \u00e9l\u00e8ves d'apprendre et de progresser, dont des forums \u00e9l\u00e8ves-enseignant, un contenu en ligne pour \u00e9largir vos connaissances et des sessions pratiques hebdomadaires.","breadcrumb":{"@id":"https:\/\/rosenhebrewschool.com\/fr\/how-it-works\/#breadcrumb"},"inLanguage":"fr-FR","potentialAction":[{"@type":"ReadAction","target":["https:\/\/rosenhebrewschool.com\/fr\/how-it-works\/"]}]},{"@type":"BreadcrumbList","@id":"https:\/\/rosenhebrewschool.com\/fr\/how-it-works\/#breadcrumb","itemListElement":[{"@type":"ListItem","position":1,"name":"Home","item":"https:\/\/rosenhebrewschool.com\/fr\/"},{"@type":"ListItem","position":2,"name":"Comment \u00e7a marche"}]},{"@type":"WebSite","@id":"https:\/\/rosenhebrewschool.com\/#website","url":"https:\/\/rosenhebrewschool.com\/","name":"Rosen School of Hebrew","description":"Deepen Your Understanding of the Bible","potentialAction":[{"@type":"SearchAction","target":{"@type":"EntryPoint","urlTemplate":"https:\/\/rosenhebrewschool.com\/?s={search_term_string}"},"query-input":{"@type":"PropertyValueSpecification","valueRequired":true,"valueName":"search_term_string"}}],"inLanguage":"fr-FR"}]}},"jetpack_shortlink":"https:\/\/wp.me\/PghxeR-1Ka","jetpack_sharing_enabled":true,"_links":{"self":[{"href":"https:\/\/rosenhebrewschool.com\/fr\/wp-json\/wp\/v2\/pages\/6706","targetHints":{"allow":["GET"]}}],"collection":[{"href":"https:\/\/rosenhebrewschool.com\/fr\/wp-json\/wp\/v2\/pages"}],"about":[{"href":"https:\/\/rosenhebrewschool.com\/fr\/wp-json\/wp\/v2\/types\/page"}],"author":[{"embeddable":true,"href":"https:\/\/rosenhebrewschool.com\/fr\/wp-json\/wp\/v2\/users\/18"}],"replies":[{"embeddable":true,"href":"https:\/\/rosenhebrewschool.com\/fr\/wp-json\/wp\/v2\/comments?post=6706"}],"version-history":[{"count":0,"href":"https:\/\/rosenhebrewschool.com\/fr\/wp-json\/wp\/v2\/pages\/6706\/revisions"}],"wp:attachment":[{"href":"https:\/\/rosenhebrewschool.com\/fr\/wp-json\/wp\/v2\/media?parent=6706"}],"curies":[{"name":"wp","href":"https:\/\/api.w.org\/{rel}","templated":true}]}}