{"id":6700,"date":"2016-09-20T08:38:28","date_gmt":"2016-09-20T08:38:28","guid":{"rendered":"http:\/\/eteacher.webstickprojects.co.il\/fr\/signup\/"},"modified":"2025-06-09T06:16:36","modified_gmt":"2025-06-09T06:16:36","slug":"signup","status":"publish","type":"page","link":"https:\/\/rosenhebrewschool.com\/fr\/signup\/","title":{"rendered":"Contactez-nous"},"content":{"rendered":"","protected":false},"excerpt":{"rendered":"","protected":false},"author":18,"featured_media":0,"parent":0,"menu_order":0,"comment_status":"closed","ping_status":"closed","template":"page-contact.php","meta":{"_acf_changed":false,"inline_featured_image":false,"footnotes":""},"class_list":["post-6700","page","type-page","status-publish","hentry"],"acf":[],"yoast_head":"<!-- This site is optimized with the Yoast SEO plugin v26.5 - https:\/\/yoast.com\/wordpress\/plugins\/seo\/ -->\n<title>L&#039;Institut d&#039;h\u00e9breu Rosen - Nous contacter<\/title>\n<meta name=\"description\" content=\"Laissez-nous vos coordonn\u00e9es et nous vous recontacterons. Vous pouvez aussi nous t\u00e9l\u00e9phoner. N&#039;h\u00e9sitez pas \u00e0 nous contacter pour en savoir plus sur nos diff\u00e9rents cours. Nos portes sont toujours ouvertes.\" \/>\n<meta name=\"robots\" content=\"index, follow, max-snippet:-1, max-image-preview:large, max-video-preview:-1\" \/>\n<link rel=\"canonical\" href=\"https:\/\/rosenhebrewschool.com\/fr\/signup\/\" \/>\n<meta property=\"og:locale\" content=\"fr_FR\" \/>\n<meta property=\"og:type\" content=\"article\" \/>\n<meta property=\"og:title\" content=\"L&#039;Institut d&#039;h\u00e9breu Rosen - Nous contacter\" \/>\n<meta property=\"og:description\" content=\"Laissez-nous vos coordonn\u00e9es et nous vous recontacterons. Vous pouvez aussi nous t\u00e9l\u00e9phoner. N&#039;h\u00e9sitez pas \u00e0 nous contacter pour en savoir plus sur nos diff\u00e9rents cours. Nos portes sont toujours ouvertes.\" \/>\n<meta property=\"og:url\" content=\"https:\/\/rosenhebrewschool.com\/fr\/signup\/\" \/>\n<meta property=\"og:site_name\" content=\"Rosen School of Hebrew\" \/>\n<meta property=\"article:modified_time\" content=\"2025-06-09T06:16:36+00:00\" \/>\n<meta name=\"twitter:card\" content=\"summary_large_image\" \/>\n<script type=\"application\/ld+json\" class=\"yoast-schema-graph\">{\"@context\":\"https:\/\/schema.org\",\"@graph\":[{\"@type\":\"WebPage\",\"@id\":\"https:\/\/rosenhebrewschool.com\/fr\/signup\/\",\"url\":\"https:\/\/rosenhebrewschool.com\/fr\/signup\/\",\"name\":\"L'Institut d'h\u00e9breu Rosen - Nous contacter\",\"isPartOf\":{\"@id\":\"https:\/\/rosenhebrewschool.com\/#website\"},\"datePublished\":\"2016-09-20T08:38:28+00:00\",\"dateModified\":\"2025-06-09T06:16:36+00:00\",\"description\":\"Laissez-nous vos coordonn\u00e9es et nous vous recontacterons. Vous pouvez aussi nous t\u00e9l\u00e9phoner. N'h\u00e9sitez pas \u00e0 nous contacter pour en savoir plus sur nos diff\u00e9rents cours. Nos portes sont toujours ouvertes.\",\"breadcrumb\":{\"@id\":\"https:\/\/rosenhebrewschool.com\/fr\/signup\/#breadcrumb\"},\"inLanguage\":\"fr-FR\",\"potentialAction\":[{\"@type\":\"ReadAction\",\"target\":[\"https:\/\/rosenhebrewschool.com\/fr\/signup\/\"]}]},{\"@type\":\"BreadcrumbList\",\"@id\":\"https:\/\/rosenhebrewschool.com\/fr\/signup\/#breadcrumb\",\"itemListElement\":[{\"@type\":\"ListItem\",\"position\":1,\"name\":\"Home\",\"item\":\"https:\/\/rosenhebrewschool.com\/fr\/\"},{\"@type\":\"ListItem\",\"position\":2,\"name\":\"Contactez-nous\"}]},{\"@type\":\"WebSite\",\"@id\":\"https:\/\/rosenhebrewschool.com\/#website\",\"url\":\"https:\/\/rosenhebrewschool.com\/\",\"name\":\"Rosen School of Hebrew\",\"description\":\"Deepen Your Understanding of the Bible\",\"potentialAction\":[{\"@type\":\"SearchAction\",\"target\":{\"@type\":\"EntryPoint\",\"urlTemplate\":\"https:\/\/rosenhebrewschool.com\/?s={search_term_string}\"},\"query-input\":{\"@type\":\"PropertyValueSpecification\",\"valueRequired\":true,\"valueName\":\"search_term_string\"}}],\"inLanguage\":\"fr-FR\"}]}<\/script>\n<!-- \/ Yoast SEO plugin. -->","yoast_head_json":{"title":"L'Institut d'h\u00e9breu Rosen - Nous contacter","description":"Laissez-nous vos coordonn\u00e9es et nous vous recontacterons. Vous pouvez aussi nous t\u00e9l\u00e9phoner. N'h\u00e9sitez pas \u00e0 nous contacter pour en savoir plus sur nos diff\u00e9rents cours. Nos portes sont toujours ouvertes.","robots":{"index":"index","follow":"follow","max-snippet":"max-snippet:-1","max-image-preview":"max-image-preview:large","max-video-preview":"max-video-preview:-1"},"canonical":"https:\/\/rosenhebrewschool.com\/fr\/signup\/","og_locale":"fr_FR","og_type":"article","og_title":"L'Institut d'h\u00e9breu Rosen - Nous contacter","og_description":"Laissez-nous vos coordonn\u00e9es et nous vous recontacterons. Vous pouvez aussi nous t\u00e9l\u00e9phoner. N'h\u00e9sitez pas \u00e0 nous contacter pour en savoir plus sur nos diff\u00e9rents cours. Nos portes sont toujours ouvertes.","og_url":"https:\/\/rosenhebrewschool.com\/fr\/signup\/","og_site_name":"Rosen School of Hebrew","article_modified_time":"2025-06-09T06:16:36+00:00","twitter_card":"summary_large_image","schema":{"@context":"https:\/\/schema.org","@graph":[{"@type":"WebPage","@id":"https:\/\/rosenhebrewschool.com\/fr\/signup\/","url":"https:\/\/rosenhebrewschool.com\/fr\/signup\/","name":"L'Institut d'h\u00e9breu Rosen - Nous contacter","isPartOf":{"@id":"https:\/\/rosenhebrewschool.com\/#website"},"datePublished":"2016-09-20T08:38:28+00:00","dateModified":"2025-06-09T06:16:36+00:00","description":"Laissez-nous vos coordonn\u00e9es et nous vous recontacterons. Vous pouvez aussi nous t\u00e9l\u00e9phoner. N'h\u00e9sitez pas \u00e0 nous contacter pour en savoir plus sur nos diff\u00e9rents cours. Nos portes sont toujours ouvertes.","breadcrumb":{"@id":"https:\/\/rosenhebrewschool.com\/fr\/signup\/#breadcrumb"},"inLanguage":"fr-FR","potentialAction":[{"@type":"ReadAction","target":["https:\/\/rosenhebrewschool.com\/fr\/signup\/"]}]},{"@type":"BreadcrumbList","@id":"https:\/\/rosenhebrewschool.com\/fr\/signup\/#breadcrumb","itemListElement":[{"@type":"ListItem","position":1,"name":"Home","item":"https:\/\/rosenhebrewschool.com\/fr\/"},{"@type":"ListItem","position":2,"name":"Contactez-nous"}]},{"@type":"WebSite","@id":"https:\/\/rosenhebrewschool.com\/#website","url":"https:\/\/rosenhebrewschool.com\/","name":"Rosen School of Hebrew","description":"Deepen Your Understanding of the Bible","potentialAction":[{"@type":"SearchAction","target":{"@type":"EntryPoint","urlTemplate":"https:\/\/rosenhebrewschool.com\/?s={search_term_string}"},"query-input":{"@type":"PropertyValueSpecification","valueRequired":true,"valueName":"search_term_string"}}],"inLanguage":"fr-FR"}]}},"jetpack_shortlink":"https:\/\/wp.me\/PghxeR-1K4","jetpack_sharing_enabled":true,"_links":{"self":[{"href":"https:\/\/rosenhebrewschool.com\/fr\/wp-json\/wp\/v2\/pages\/6700","targetHints":{"allow":["GET"]}}],"collection":[{"href":"https:\/\/rosenhebrewschool.com\/fr\/wp-json\/wp\/v2\/pages"}],"about":[{"href":"https:\/\/rosenhebrewschool.com\/fr\/wp-json\/wp\/v2\/types\/page"}],"author":[{"embeddable":true,"href":"https:\/\/rosenhebrewschool.com\/fr\/wp-json\/wp\/v2\/users\/18"}],"replies":[{"embeddable":true,"href":"https:\/\/rosenhebrewschool.com\/fr\/wp-json\/wp\/v2\/comments?post=6700"}],"version-history":[{"count":0,"href":"https:\/\/rosenhebrewschool.com\/fr\/wp-json\/wp\/v2\/pages\/6700\/revisions"}],"wp:attachment":[{"href":"https:\/\/rosenhebrewschool.com\/fr\/wp-json\/wp\/v2\/media?parent=6700"}],"curies":[{"name":"wp","href":"https:\/\/api.w.org\/{rel}","templated":true}]}}