{"id":43822,"date":"2020-06-16T07:59:42","date_gmt":"2020-06-16T07:59:42","guid":{"rendered":"https:\/\/rosenschoolstg.wpengine.com\/courses\/modern-hebrew\/"},"modified":"2024-09-10T09:25:31","modified_gmt":"2024-09-10T09:25:31","slug":"modern-hebrew","status":"publish","type":"page","link":"https:\/\/rosenhebrewschool.com\/fr\/courses\/modern-hebrew\/","title":{"rendered":"H\u00e9breu Moderne"},"content":{"rendered":"","protected":false},"excerpt":{"rendered":"","protected":false},"author":14,"featured_media":0,"parent":21299,"menu_order":0,"comment_status":"closed","ping_status":"closed","template":"page-courses-category.php","meta":{"_acf_changed":false,"inline_featured_image":false,"footnotes":""},"class_list":["post-43822","page","type-page","status-publish","hentry"],"acf":[],"yoast_head":"<!-- This site is optimized with the Yoast SEO plugin v26.5 - https:\/\/yoast.com\/wordpress\/plugins\/seo\/ -->\n<title>L&#039;Institut d&#039;h\u00e9breu Rosen - Des cours d&#039;h\u00e9breu pour tous les niveaux<\/title>\n<meta name=\"description\" content=\"Que vous commenciez \u00e0 apprendre l&#039;h\u00e9breu en partant de z\u00e9ro ou que vous ayez d\u00e9j\u00e0 des connaissances de la langue que vous aimeriez consolider, nous avons des cours pour tous les niveaux. \u00c9tudiez avec des personnes partageant les m\u00eames points de vue que vous et soutenez-vous mutuellement tout au long du parcours.\" \/>\n<meta name=\"robots\" content=\"index, follow, max-snippet:-1, max-image-preview:large, max-video-preview:-1\" \/>\n<link rel=\"canonical\" href=\"https:\/\/rosenhebrewschool.com\/fr\/courses\/modern-hebrew\/\" \/>\n<meta property=\"og:locale\" content=\"fr_FR\" \/>\n<meta property=\"og:type\" content=\"article\" \/>\n<meta property=\"og:title\" content=\"L&#039;Institut d&#039;h\u00e9breu Rosen - Des cours d&#039;h\u00e9breu pour tous les niveaux\" \/>\n<meta property=\"og:description\" content=\"Que vous commenciez \u00e0 apprendre l&#039;h\u00e9breu en partant de z\u00e9ro ou que vous ayez d\u00e9j\u00e0 des connaissances de la langue que vous aimeriez consolider, nous avons des cours pour tous les niveaux. \u00c9tudiez avec des personnes partageant les m\u00eames points de vue que vous et soutenez-vous mutuellement tout au long du parcours.\" \/>\n<meta property=\"og:url\" content=\"https:\/\/rosenhebrewschool.com\/fr\/courses\/modern-hebrew\/\" \/>\n<meta property=\"og:site_name\" content=\"Rosen School of Hebrew\" \/>\n<meta property=\"article:modified_time\" content=\"2024-09-10T09:25:31+00:00\" \/>\n<meta name=\"twitter:card\" content=\"summary_large_image\" \/>\n<script type=\"application\/ld+json\" class=\"yoast-schema-graph\">{\"@context\":\"https:\/\/schema.org\",\"@graph\":[{\"@type\":\"WebPage\",\"@id\":\"https:\/\/rosenhebrewschool.com\/fr\/courses\/modern-hebrew\/\",\"url\":\"https:\/\/rosenhebrewschool.com\/fr\/courses\/modern-hebrew\/\",\"name\":\"L'Institut d'h\u00e9breu Rosen - Des cours d'h\u00e9breu pour tous les niveaux\",\"isPartOf\":{\"@id\":\"https:\/\/rosenhebrewschool.com\/#website\"},\"datePublished\":\"2020-06-16T07:59:42+00:00\",\"dateModified\":\"2024-09-10T09:25:31+00:00\",\"description\":\"Que vous commenciez \u00e0 apprendre l'h\u00e9breu en partant de z\u00e9ro ou que vous ayez d\u00e9j\u00e0 des connaissances de la langue que vous aimeriez consolider, nous avons des cours pour tous les niveaux. \u00c9tudiez avec des personnes partageant les m\u00eames points de vue que vous et soutenez-vous mutuellement tout au long du parcours.\",\"breadcrumb\":{\"@id\":\"https:\/\/rosenhebrewschool.com\/fr\/courses\/modern-hebrew\/#breadcrumb\"},\"inLanguage\":\"fr-FR\",\"potentialAction\":[{\"@type\":\"ReadAction\",\"target\":[\"https:\/\/rosenhebrewschool.com\/fr\/courses\/modern-hebrew\/\"]}]},{\"@type\":\"BreadcrumbList\",\"@id\":\"https:\/\/rosenhebrewschool.com\/fr\/courses\/modern-hebrew\/#breadcrumb\",\"itemListElement\":[{\"@type\":\"ListItem\",\"position\":1,\"name\":\"Home\",\"item\":\"https:\/\/rosenhebrewschool.com\/fr\/\"},{\"@type\":\"ListItem\",\"position\":2,\"name\":\"Courses\",\"item\":\"https:\/\/rosenhebrewschool.com\/fr\/courses\/\"},{\"@type\":\"ListItem\",\"position\":3,\"name\":\"H\u00e9breu Moderne\"}]},{\"@type\":\"WebSite\",\"@id\":\"https:\/\/rosenhebrewschool.com\/#website\",\"url\":\"https:\/\/rosenhebrewschool.com\/\",\"name\":\"Rosen School of Hebrew\",\"description\":\"Deepen Your Understanding of the Bible\",\"potentialAction\":[{\"@type\":\"SearchAction\",\"target\":{\"@type\":\"EntryPoint\",\"urlTemplate\":\"https:\/\/rosenhebrewschool.com\/?s={search_term_string}\"},\"query-input\":{\"@type\":\"PropertyValueSpecification\",\"valueRequired\":true,\"valueName\":\"search_term_string\"}}],\"inLanguage\":\"fr-FR\"}]}<\/script>\n<!-- \/ Yoast SEO plugin. -->","yoast_head_json":{"title":"L'Institut d'h\u00e9breu Rosen - Des cours d'h\u00e9breu pour tous les niveaux","description":"Que vous commenciez \u00e0 apprendre l'h\u00e9breu en partant de z\u00e9ro ou que vous ayez d\u00e9j\u00e0 des connaissances de la langue que vous aimeriez consolider, nous avons des cours pour tous les niveaux. \u00c9tudiez avec des personnes partageant les m\u00eames points de vue que vous et soutenez-vous mutuellement tout au long du parcours.","robots":{"index":"index","follow":"follow","max-snippet":"max-snippet:-1","max-image-preview":"max-image-preview:large","max-video-preview":"max-video-preview:-1"},"canonical":"https:\/\/rosenhebrewschool.com\/fr\/courses\/modern-hebrew\/","og_locale":"fr_FR","og_type":"article","og_title":"L'Institut d'h\u00e9breu Rosen - Des cours d'h\u00e9breu pour tous les niveaux","og_description":"Que vous commenciez \u00e0 apprendre l'h\u00e9breu en partant de z\u00e9ro ou que vous ayez d\u00e9j\u00e0 des connaissances de la langue que vous aimeriez consolider, nous avons des cours pour tous les niveaux. \u00c9tudiez avec des personnes partageant les m\u00eames points de vue que vous et soutenez-vous mutuellement tout au long du parcours.","og_url":"https:\/\/rosenhebrewschool.com\/fr\/courses\/modern-hebrew\/","og_site_name":"Rosen School of Hebrew","article_modified_time":"2024-09-10T09:25:31+00:00","twitter_card":"summary_large_image","schema":{"@context":"https:\/\/schema.org","@graph":[{"@type":"WebPage","@id":"https:\/\/rosenhebrewschool.com\/fr\/courses\/modern-hebrew\/","url":"https:\/\/rosenhebrewschool.com\/fr\/courses\/modern-hebrew\/","name":"L'Institut d'h\u00e9breu Rosen - Des cours d'h\u00e9breu pour tous les niveaux","isPartOf":{"@id":"https:\/\/rosenhebrewschool.com\/#website"},"datePublished":"2020-06-16T07:59:42+00:00","dateModified":"2024-09-10T09:25:31+00:00","description":"Que vous commenciez \u00e0 apprendre l'h\u00e9breu en partant de z\u00e9ro ou que vous ayez d\u00e9j\u00e0 des connaissances de la langue que vous aimeriez consolider, nous avons des cours pour tous les niveaux. \u00c9tudiez avec des personnes partageant les m\u00eames points de vue que vous et soutenez-vous mutuellement tout au long du parcours.","breadcrumb":{"@id":"https:\/\/rosenhebrewschool.com\/fr\/courses\/modern-hebrew\/#breadcrumb"},"inLanguage":"fr-FR","potentialAction":[{"@type":"ReadAction","target":["https:\/\/rosenhebrewschool.com\/fr\/courses\/modern-hebrew\/"]}]},{"@type":"BreadcrumbList","@id":"https:\/\/rosenhebrewschool.com\/fr\/courses\/modern-hebrew\/#breadcrumb","itemListElement":[{"@type":"ListItem","position":1,"name":"Home","item":"https:\/\/rosenhebrewschool.com\/fr\/"},{"@type":"ListItem","position":2,"name":"Courses","item":"https:\/\/rosenhebrewschool.com\/fr\/courses\/"},{"@type":"ListItem","position":3,"name":"H\u00e9breu Moderne"}]},{"@type":"WebSite","@id":"https:\/\/rosenhebrewschool.com\/#website","url":"https:\/\/rosenhebrewschool.com\/","name":"Rosen School of Hebrew","description":"Deepen Your Understanding of the Bible","potentialAction":[{"@type":"SearchAction","target":{"@type":"EntryPoint","urlTemplate":"https:\/\/rosenhebrewschool.com\/?s={search_term_string}"},"query-input":{"@type":"PropertyValueSpecification","valueRequired":true,"valueName":"search_term_string"}}],"inLanguage":"fr-FR"}]}},"jetpack_shortlink":"https:\/\/wp.me\/PghxeR-boO","jetpack_sharing_enabled":true,"_links":{"self":[{"href":"https:\/\/rosenhebrewschool.com\/fr\/wp-json\/wp\/v2\/pages\/43822","targetHints":{"allow":["GET"]}}],"collection":[{"href":"https:\/\/rosenhebrewschool.com\/fr\/wp-json\/wp\/v2\/pages"}],"about":[{"href":"https:\/\/rosenhebrewschool.com\/fr\/wp-json\/wp\/v2\/types\/page"}],"author":[{"embeddable":true,"href":"https:\/\/rosenhebrewschool.com\/fr\/wp-json\/wp\/v2\/users\/14"}],"replies":[{"embeddable":true,"href":"https:\/\/rosenhebrewschool.com\/fr\/wp-json\/wp\/v2\/comments?post=43822"}],"version-history":[{"count":0,"href":"https:\/\/rosenhebrewschool.com\/fr\/wp-json\/wp\/v2\/pages\/43822\/revisions"}],"up":[{"embeddable":true,"href":"https:\/\/rosenhebrewschool.com\/fr\/wp-json\/wp\/v2\/pages\/21299"}],"wp:attachment":[{"href":"https:\/\/rosenhebrewschool.com\/fr\/wp-json\/wp\/v2\/media?parent=43822"}],"curies":[{"name":"wp","href":"https:\/\/api.w.org\/{rel}","templated":true}]}}