{"id":21293,"date":"2017-12-04T08:15:55","date_gmt":"2017-12-04T08:15:55","guid":{"rendered":"https:\/\/rosenschoolstg.wpengine.com\/?page_id=21293"},"modified":"2024-09-10T09:24:29","modified_gmt":"2024-09-10T09:24:29","slug":"aharon-rosen","status":"publish","type":"page","link":"https:\/\/rosenhebrewschool.com\/fr\/about\/aharon-rosen\/","title":{"rendered":"L&rsquo;histoire d&rsquo;Aharon Rosen"},"content":{"rendered":"<p><strong>Le d\u00e9but d&rsquo;une passion<\/strong><br \/>\nC&rsquo;est de fa\u00e7on assez humbe que le ggrand-p\u00e8re des fondateurs de l&rsquo;\u00e9cole commence sa vie en Israel mais ce jeune \u00e9ttudiant immigrant est vite devenu un \u00e9minent \u00e9ducateur dans le domaine des \u00e9tudes de la langue h\u00e9bra\u00efque. La m\u00e9thodologie d&rsquo;enseignement d&rsquo;Aharon Rosen est consid\u00e9r\u00e9e comme la basee de l&rsquo;enseignement de l&rsquo;h\u00e9breu en Isra\u00ebl. Ayant lui-m\u00eame immigr\u00e9 en Isra\u00ebl en tant que jeune homme, Rosen comprenait les difficult\u00e9s li\u00e9es \u00e0 l&rsquo;acquisition d&rsquo;une deuxi\u00e8me langue, et le fait qu en tant qu&rsquo;adulte, la capacit\u00e9 \u00e0 &lsquo;exprimer la pens\u00e9e la plus simple est soudainement un d\u00e9fi.<\/p>\n<p><strong>De l&rsquo;apprenant \u00e0 l&rsquo;enseignant<\/strong><br \/>\nN\u00e9 en Hongrie en 1905, Rosen est venu en Isra\u00ebl en 1924 o\u00f9 il s&rsquo;est install\u00e9 \u00e0 Kfar Gideon dans le nord d&rsquo;Isra\u00ebl. C&rsquo;est l\u00e0 qu&rsquo;il s&rsquo;implique pour la premi\u00e8re fois dans l&rsquo;enseignement de l&rsquo;h\u00e9breu, en proposant d&rsquo;organiser des cours d&rsquo;h\u00e9breu pour les nouveaux immigrants, alors que des vagues d&rsquo;immigrants allemands se dirigent vers Isra\u00ebl. L&rsquo;amour que Rosen a pour la langue fait rapidement de lui un enseignant populaire. Il cherche \u00e0 rendre la transition en h\u00e9breu aussi facile que possible pour ses \u00e9tudiants; \u00e0 minimisez les frustrations li\u00e9es aux barri\u00e8res linguistiques.<\/p>\n<p><strong>Excellence en \u00e9ducation<\/strong><br \/>\nL&rsquo;exp\u00e9rience de Rosen en enseignement de l&rsquo;h\u00e9breu l&rsquo;a amen\u00e9 \u00e0 cr\u00e9er une m\u00e9thodologie d&rsquo;enseignement extr\u00eament efficace en plusieurs \u00e9tapes, pour les adultes, qui est encore utilis\u00e9e aujourd&rsquo;hui par de nombreuses institutions d&rsquo;enseignement. Sa passion lui a valu l&rsquo;honneur d&rsquo;\u00eatre le premier professeur invit\u00e9 par Edwin Samuel (2\u00e8me Vicomte Samuel) \u00e0 diffuser des cours \u00e0 la radio pendant le mandat britannique. Dans les ann\u00e9es 1950, on lui a ensuite offert un poste d&rsquo;enseignant \u00e0 l&rsquo;Universit\u00e9 h\u00e9bra\u00efque, o\u00f9 il est devenu plus tard le chef du d\u00e9partement d&rsquo;h\u00e9breu, un poste qu&rsquo;il a occup\u00e9 jusqu&rsquo;\u00e0 la fin.<\/p>\n<p><strong>L&rsquo;innovation: la cl\u00e9 du succ\u00e8s<\/strong><br \/>\nAu cours de sa longue et brillante carri\u00e8re, Aharon Rosen a continuellement poursuivi l&rsquo;excellence dans l&rsquo;enseignement de l&rsquo;h\u00e9breu. Il a publi\u00e9 plusieurs manuels pr\u00e9sentant sa m\u00e9thodologie novatrice, y compris sa s\u00e9rie Thousand Words, qui est reconnue comme le texte fondateurf de l&rsquo;enseignement de l&rsquo;h\u00e9breu pour les immigrants et les \u00e9tudiants \u00e9trangers. Command\u00e9 par le minist\u00e8re des Affaires \u00e9trang\u00e8res, ce texte historique dans l&rsquo;\u00e9ducation h\u00e9bra\u00efquet est\u00a0devenu un best-seller. Les nombreux \u00e9crits de Rosen comprennent des ouvrages th\u00e9oriques traduits en sept<br \/>\nlangues, ainsi que de nombreux articles traitant de probl\u00e8mes sp\u00e9cifiques dans l&rsquo;enseignement des langues pour adultes, tels que See, Hear and Read pour les frais de scolarit\u00e9 des \u00e9tudiants dyslexiques. Sans sans la cr\u00e9ativit\u00e9 et les ann\u00e9es d&rsquo;exp\u00e9rience et de d\u00e9vouement de cet \u00e9ducateur , les fondements de l&rsquo;enseignement de l&rsquo;h\u00e9breu comme deuxi\u00e8me langue pour adultes ne seraient pas les m\u00eames .<\/p>\n","protected":false},"excerpt":{"rendered":"<p>Le d\u00e9but d&rsquo;une passion C&rsquo;est de fa\u00e7on assez humbe que le ggrand-p\u00e8re des fondateurs de l&rsquo;\u00e9cole commence sa vie en&#8230;<\/p>\n","protected":false},"author":43,"featured_media":0,"parent":6656,"menu_order":0,"comment_status":"closed","ping_status":"closed","template":"page-about-aharon.php","meta":{"_acf_changed":false,"inline_featured_image":false,"footnotes":""},"class_list":["post-21293","page","type-page","status-publish","hentry"],"acf":[],"yoast_head":"<!-- This site is optimized with the Yoast SEO plugin v26.5 - https:\/\/yoast.com\/wordpress\/plugins\/seo\/ -->\n<title>Aharon Rosen : un pionnier de l&#039;enseignement de l&#039;h\u00e9breu<\/title>\n<meta name=\"description\" content=\"Aharon Rosen : un pionnier moderne de l&#039;enseignement de l&#039;h\u00e9breu. Il a commenc\u00e9 par apprendre la langue h\u00e9bra\u00efque pour devenir professeur d&#039;h\u00e9breu. Il est devenu ainsi une source d&#039;inspiration pour notre m\u00e9thode d&#039;enseignement de l&#039;h\u00e9breu moderne.\" \/>\n<meta name=\"robots\" content=\"index, follow, max-snippet:-1, max-image-preview:large, max-video-preview:-1\" \/>\n<link rel=\"canonical\" href=\"https:\/\/rosenhebrewschool.com\/fr\/about\/aharon-rosen\/\" \/>\n<meta property=\"og:locale\" content=\"fr_FR\" \/>\n<meta property=\"og:type\" content=\"article\" \/>\n<meta property=\"og:title\" content=\"Aharon Rosen : un pionnier de l&#039;enseignement de l&#039;h\u00e9breu\" \/>\n<meta property=\"og:description\" content=\"Aharon Rosen : un pionnier moderne de l&#039;enseignement de l&#039;h\u00e9breu. Il a commenc\u00e9 par apprendre la langue h\u00e9bra\u00efque pour devenir professeur d&#039;h\u00e9breu. Il est devenu ainsi une source d&#039;inspiration pour notre m\u00e9thode d&#039;enseignement de l&#039;h\u00e9breu moderne.\" \/>\n<meta property=\"og:url\" content=\"https:\/\/rosenhebrewschool.com\/fr\/about\/aharon-rosen\/\" \/>\n<meta property=\"og:site_name\" content=\"Rosen School of Hebrew\" \/>\n<meta property=\"article:modified_time\" content=\"2024-09-10T09:24:29+00:00\" \/>\n<meta name=\"twitter:card\" content=\"summary_large_image\" \/>\n<meta name=\"twitter:label1\" content=\"Dur\u00e9e de lecture estim\u00e9e\" \/>\n\t<meta name=\"twitter:data1\" content=\"2 minutes\" \/>\n<script type=\"application\/ld+json\" class=\"yoast-schema-graph\">{\"@context\":\"https:\/\/schema.org\",\"@graph\":[{\"@type\":\"WebPage\",\"@id\":\"https:\/\/rosenhebrewschool.com\/fr\/about\/aharon-rosen\/\",\"url\":\"https:\/\/rosenhebrewschool.com\/fr\/about\/aharon-rosen\/\",\"name\":\"Aharon Rosen : un pionnier de l'enseignement de l'h\u00e9breu\",\"isPartOf\":{\"@id\":\"https:\/\/rosenhebrewschool.com\/#website\"},\"datePublished\":\"2017-12-04T08:15:55+00:00\",\"dateModified\":\"2024-09-10T09:24:29+00:00\",\"description\":\"Aharon Rosen : un pionnier moderne de l'enseignement de l'h\u00e9breu. Il a commenc\u00e9 par apprendre la langue h\u00e9bra\u00efque pour devenir professeur d'h\u00e9breu. Il est devenu ainsi une source d'inspiration pour notre m\u00e9thode d'enseignement de l'h\u00e9breu moderne.\",\"breadcrumb\":{\"@id\":\"https:\/\/rosenhebrewschool.com\/fr\/about\/aharon-rosen\/#breadcrumb\"},\"inLanguage\":\"fr-FR\",\"potentialAction\":[{\"@type\":\"ReadAction\",\"target\":[\"https:\/\/rosenhebrewschool.com\/fr\/about\/aharon-rosen\/\"]}]},{\"@type\":\"BreadcrumbList\",\"@id\":\"https:\/\/rosenhebrewschool.com\/fr\/about\/aharon-rosen\/#breadcrumb\",\"itemListElement\":[{\"@type\":\"ListItem\",\"position\":1,\"name\":\"Home\",\"item\":\"https:\/\/rosenhebrewschool.com\/fr\/\"},{\"@type\":\"ListItem\",\"position\":2,\"name\":\"\u00c0 propos\",\"item\":\"https:\/\/rosenhebrewschool.com\/fr\/about\/\"},{\"@type\":\"ListItem\",\"position\":3,\"name\":\"L&#8217;histoire d&#8217;Aharon Rosen\"}]},{\"@type\":\"WebSite\",\"@id\":\"https:\/\/rosenhebrewschool.com\/#website\",\"url\":\"https:\/\/rosenhebrewschool.com\/\",\"name\":\"Rosen School of Hebrew\",\"description\":\"Deepen Your Understanding of the Bible\",\"potentialAction\":[{\"@type\":\"SearchAction\",\"target\":{\"@type\":\"EntryPoint\",\"urlTemplate\":\"https:\/\/rosenhebrewschool.com\/?s={search_term_string}\"},\"query-input\":{\"@type\":\"PropertyValueSpecification\",\"valueRequired\":true,\"valueName\":\"search_term_string\"}}],\"inLanguage\":\"fr-FR\"}]}<\/script>\n<!-- \/ Yoast SEO plugin. -->","yoast_head_json":{"title":"Aharon Rosen : un pionnier de l'enseignement de l'h\u00e9breu","description":"Aharon Rosen : un pionnier moderne de l'enseignement de l'h\u00e9breu. Il a commenc\u00e9 par apprendre la langue h\u00e9bra\u00efque pour devenir professeur d'h\u00e9breu. Il est devenu ainsi une source d'inspiration pour notre m\u00e9thode d'enseignement de l'h\u00e9breu moderne.","robots":{"index":"index","follow":"follow","max-snippet":"max-snippet:-1","max-image-preview":"max-image-preview:large","max-video-preview":"max-video-preview:-1"},"canonical":"https:\/\/rosenhebrewschool.com\/fr\/about\/aharon-rosen\/","og_locale":"fr_FR","og_type":"article","og_title":"Aharon Rosen : un pionnier de l'enseignement de l'h\u00e9breu","og_description":"Aharon Rosen : un pionnier moderne de l'enseignement de l'h\u00e9breu. Il a commenc\u00e9 par apprendre la langue h\u00e9bra\u00efque pour devenir professeur d'h\u00e9breu. Il est devenu ainsi une source d'inspiration pour notre m\u00e9thode d'enseignement de l'h\u00e9breu moderne.","og_url":"https:\/\/rosenhebrewschool.com\/fr\/about\/aharon-rosen\/","og_site_name":"Rosen School of Hebrew","article_modified_time":"2024-09-10T09:24:29+00:00","twitter_card":"summary_large_image","twitter_misc":{"Dur\u00e9e de lecture estim\u00e9e":"2 minutes"},"schema":{"@context":"https:\/\/schema.org","@graph":[{"@type":"WebPage","@id":"https:\/\/rosenhebrewschool.com\/fr\/about\/aharon-rosen\/","url":"https:\/\/rosenhebrewschool.com\/fr\/about\/aharon-rosen\/","name":"Aharon Rosen : un pionnier de l'enseignement de l'h\u00e9breu","isPartOf":{"@id":"https:\/\/rosenhebrewschool.com\/#website"},"datePublished":"2017-12-04T08:15:55+00:00","dateModified":"2024-09-10T09:24:29+00:00","description":"Aharon Rosen : un pionnier moderne de l'enseignement de l'h\u00e9breu. Il a commenc\u00e9 par apprendre la langue h\u00e9bra\u00efque pour devenir professeur d'h\u00e9breu. Il est devenu ainsi une source d'inspiration pour notre m\u00e9thode d'enseignement de l'h\u00e9breu moderne.","breadcrumb":{"@id":"https:\/\/rosenhebrewschool.com\/fr\/about\/aharon-rosen\/#breadcrumb"},"inLanguage":"fr-FR","potentialAction":[{"@type":"ReadAction","target":["https:\/\/rosenhebrewschool.com\/fr\/about\/aharon-rosen\/"]}]},{"@type":"BreadcrumbList","@id":"https:\/\/rosenhebrewschool.com\/fr\/about\/aharon-rosen\/#breadcrumb","itemListElement":[{"@type":"ListItem","position":1,"name":"Home","item":"https:\/\/rosenhebrewschool.com\/fr\/"},{"@type":"ListItem","position":2,"name":"\u00c0 propos","item":"https:\/\/rosenhebrewschool.com\/fr\/about\/"},{"@type":"ListItem","position":3,"name":"L&#8217;histoire d&#8217;Aharon Rosen"}]},{"@type":"WebSite","@id":"https:\/\/rosenhebrewschool.com\/#website","url":"https:\/\/rosenhebrewschool.com\/","name":"Rosen School of Hebrew","description":"Deepen Your Understanding of the Bible","potentialAction":[{"@type":"SearchAction","target":{"@type":"EntryPoint","urlTemplate":"https:\/\/rosenhebrewschool.com\/?s={search_term_string}"},"query-input":{"@type":"PropertyValueSpecification","valueRequired":true,"valueName":"search_term_string"}}],"inLanguage":"fr-FR"}]}},"jetpack_shortlink":"https:\/\/wp.me\/PghxeR-5xr","jetpack_sharing_enabled":true,"_links":{"self":[{"href":"https:\/\/rosenhebrewschool.com\/fr\/wp-json\/wp\/v2\/pages\/21293","targetHints":{"allow":["GET"]}}],"collection":[{"href":"https:\/\/rosenhebrewschool.com\/fr\/wp-json\/wp\/v2\/pages"}],"about":[{"href":"https:\/\/rosenhebrewschool.com\/fr\/wp-json\/wp\/v2\/types\/page"}],"author":[{"embeddable":true,"href":"https:\/\/rosenhebrewschool.com\/fr\/wp-json\/wp\/v2\/users\/43"}],"replies":[{"embeddable":true,"href":"https:\/\/rosenhebrewschool.com\/fr\/wp-json\/wp\/v2\/comments?post=21293"}],"version-history":[{"count":0,"href":"https:\/\/rosenhebrewschool.com\/fr\/wp-json\/wp\/v2\/pages\/21293\/revisions"}],"up":[{"embeddable":true,"href":"https:\/\/rosenhebrewschool.com\/fr\/wp-json\/wp\/v2\/pages\/6656"}],"wp:attachment":[{"href":"https:\/\/rosenhebrewschool.com\/fr\/wp-json\/wp\/v2\/media?parent=21293"}],"curies":[{"name":"wp","href":"https:\/\/api.w.org\/{rel}","templated":true}]}}