{"id":18970,"date":"2017-11-23T06:40:46","date_gmt":"2017-11-23T06:40:46","guid":{"rendered":"https:\/\/rosenschoolstg.wpengine.com\/?page_id=18970"},"modified":"2024-09-10T09:26:01","modified_gmt":"2024-09-10T09:26:01","slug":"faculty","status":"publish","type":"page","link":"https:\/\/rosenhebrewschool.com\/fr\/faculty\/","title":{"rendered":"Rencontrez nos enseignants exceptionnels"},"content":{"rendered":"","protected":false},"excerpt":{"rendered":"","protected":false},"author":14,"featured_media":0,"parent":0,"menu_order":0,"comment_status":"closed","ping_status":"closed","template":"page-faculty.php","meta":{"_acf_changed":false,"inline_featured_image":false,"footnotes":""},"class_list":["post-18970","page","type-page","status-publish","hentry"],"acf":[],"yoast_head":"<!-- This site is optimized with the Yoast SEO plugin v26.5 - https:\/\/yoast.com\/wordpress\/plugins\/seo\/ -->\n<title>L&#039;Institut d&#039;h\u00e9breu Rosen - Les enseignants d&#039;h\u00e9breu en ligne<\/title>\n<meta name=\"description\" content=\"Nos enseignants et tuteurs sont mondialement connus pour l&#039;enseignement de l&#039;h\u00e9breu offert \u00e0 un large \u00e9ventail d&#039;\u00e9l\u00e8ves. Ils sont passionn\u00e9s par les \u00e9tudes de l&#039;h\u00e9breu et se soucient d&#039;offrir \u00e0 nos \u00e9tudiants une exp\u00e9rience d&#039;apprentissage favorable et gratifiante. Connectez-vous \u00e0 un enseignant pr\u00e8s de chez vous aujourd&#039;hui.\" \/>\n<meta name=\"robots\" content=\"index, follow, max-snippet:-1, max-image-preview:large, max-video-preview:-1\" \/>\n<link rel=\"canonical\" href=\"https:\/\/rosenhebrewschool.com\/fr\/faculty\/\" \/>\n<meta property=\"og:locale\" content=\"fr_FR\" \/>\n<meta property=\"og:type\" content=\"article\" \/>\n<meta property=\"og:title\" content=\"L&#039;Institut d&#039;h\u00e9breu Rosen - Les enseignants d&#039;h\u00e9breu en ligne\" \/>\n<meta property=\"og:description\" content=\"Nos enseignants et tuteurs sont mondialement connus pour l&#039;enseignement de l&#039;h\u00e9breu offert \u00e0 un large \u00e9ventail d&#039;\u00e9l\u00e8ves. Ils sont passionn\u00e9s par les \u00e9tudes de l&#039;h\u00e9breu et se soucient d&#039;offrir \u00e0 nos \u00e9tudiants une exp\u00e9rience d&#039;apprentissage favorable et gratifiante. Connectez-vous \u00e0 un enseignant pr\u00e8s de chez vous aujourd&#039;hui.\" \/>\n<meta property=\"og:url\" content=\"https:\/\/rosenhebrewschool.com\/fr\/faculty\/\" \/>\n<meta property=\"og:site_name\" content=\"Rosen School of Hebrew\" \/>\n<meta property=\"article:modified_time\" content=\"2024-09-10T09:26:01+00:00\" \/>\n<meta name=\"twitter:card\" content=\"summary_large_image\" \/>\n<script type=\"application\/ld+json\" class=\"yoast-schema-graph\">{\"@context\":\"https:\/\/schema.org\",\"@graph\":[{\"@type\":\"WebPage\",\"@id\":\"https:\/\/rosenhebrewschool.com\/fr\/faculty\/\",\"url\":\"https:\/\/rosenhebrewschool.com\/fr\/faculty\/\",\"name\":\"L'Institut d'h\u00e9breu Rosen - Les enseignants d'h\u00e9breu en ligne\",\"isPartOf\":{\"@id\":\"https:\/\/rosenhebrewschool.com\/#website\"},\"datePublished\":\"2017-11-23T06:40:46+00:00\",\"dateModified\":\"2024-09-10T09:26:01+00:00\",\"description\":\"Nos enseignants et tuteurs sont mondialement connus pour l'enseignement de l'h\u00e9breu offert \u00e0 un large \u00e9ventail d'\u00e9l\u00e8ves. Ils sont passionn\u00e9s par les \u00e9tudes de l'h\u00e9breu et se soucient d'offrir \u00e0 nos \u00e9tudiants une exp\u00e9rience d'apprentissage favorable et gratifiante. Connectez-vous \u00e0 un enseignant pr\u00e8s de chez vous aujourd'hui.\",\"breadcrumb\":{\"@id\":\"https:\/\/rosenhebrewschool.com\/fr\/faculty\/#breadcrumb\"},\"inLanguage\":\"fr-FR\",\"potentialAction\":[{\"@type\":\"ReadAction\",\"target\":[\"https:\/\/rosenhebrewschool.com\/fr\/faculty\/\"]}]},{\"@type\":\"BreadcrumbList\",\"@id\":\"https:\/\/rosenhebrewschool.com\/fr\/faculty\/#breadcrumb\",\"itemListElement\":[{\"@type\":\"ListItem\",\"position\":1,\"name\":\"Home\",\"item\":\"https:\/\/rosenhebrewschool.com\/fr\/\"},{\"@type\":\"ListItem\",\"position\":2,\"name\":\"Rencontrez nos enseignants exceptionnels\"}]},{\"@type\":\"WebSite\",\"@id\":\"https:\/\/rosenhebrewschool.com\/#website\",\"url\":\"https:\/\/rosenhebrewschool.com\/\",\"name\":\"Rosen School of Hebrew\",\"description\":\"Deepen Your Understanding of the Bible\",\"potentialAction\":[{\"@type\":\"SearchAction\",\"target\":{\"@type\":\"EntryPoint\",\"urlTemplate\":\"https:\/\/rosenhebrewschool.com\/?s={search_term_string}\"},\"query-input\":{\"@type\":\"PropertyValueSpecification\",\"valueRequired\":true,\"valueName\":\"search_term_string\"}}],\"inLanguage\":\"fr-FR\"}]}<\/script>\n<!-- \/ Yoast SEO plugin. -->","yoast_head_json":{"title":"L'Institut d'h\u00e9breu Rosen - Les enseignants d'h\u00e9breu en ligne","description":"Nos enseignants et tuteurs sont mondialement connus pour l'enseignement de l'h\u00e9breu offert \u00e0 un large \u00e9ventail d'\u00e9l\u00e8ves. Ils sont passionn\u00e9s par les \u00e9tudes de l'h\u00e9breu et se soucient d'offrir \u00e0 nos \u00e9tudiants une exp\u00e9rience d'apprentissage favorable et gratifiante. Connectez-vous \u00e0 un enseignant pr\u00e8s de chez vous aujourd'hui.","robots":{"index":"index","follow":"follow","max-snippet":"max-snippet:-1","max-image-preview":"max-image-preview:large","max-video-preview":"max-video-preview:-1"},"canonical":"https:\/\/rosenhebrewschool.com\/fr\/faculty\/","og_locale":"fr_FR","og_type":"article","og_title":"L'Institut d'h\u00e9breu Rosen - Les enseignants d'h\u00e9breu en ligne","og_description":"Nos enseignants et tuteurs sont mondialement connus pour l'enseignement de l'h\u00e9breu offert \u00e0 un large \u00e9ventail d'\u00e9l\u00e8ves. Ils sont passionn\u00e9s par les \u00e9tudes de l'h\u00e9breu et se soucient d'offrir \u00e0 nos \u00e9tudiants une exp\u00e9rience d'apprentissage favorable et gratifiante. Connectez-vous \u00e0 un enseignant pr\u00e8s de chez vous aujourd'hui.","og_url":"https:\/\/rosenhebrewschool.com\/fr\/faculty\/","og_site_name":"Rosen School of Hebrew","article_modified_time":"2024-09-10T09:26:01+00:00","twitter_card":"summary_large_image","schema":{"@context":"https:\/\/schema.org","@graph":[{"@type":"WebPage","@id":"https:\/\/rosenhebrewschool.com\/fr\/faculty\/","url":"https:\/\/rosenhebrewschool.com\/fr\/faculty\/","name":"L'Institut d'h\u00e9breu Rosen - Les enseignants d'h\u00e9breu en ligne","isPartOf":{"@id":"https:\/\/rosenhebrewschool.com\/#website"},"datePublished":"2017-11-23T06:40:46+00:00","dateModified":"2024-09-10T09:26:01+00:00","description":"Nos enseignants et tuteurs sont mondialement connus pour l'enseignement de l'h\u00e9breu offert \u00e0 un large \u00e9ventail d'\u00e9l\u00e8ves. Ils sont passionn\u00e9s par les \u00e9tudes de l'h\u00e9breu et se soucient d'offrir \u00e0 nos \u00e9tudiants une exp\u00e9rience d'apprentissage favorable et gratifiante. Connectez-vous \u00e0 un enseignant pr\u00e8s de chez vous aujourd'hui.","breadcrumb":{"@id":"https:\/\/rosenhebrewschool.com\/fr\/faculty\/#breadcrumb"},"inLanguage":"fr-FR","potentialAction":[{"@type":"ReadAction","target":["https:\/\/rosenhebrewschool.com\/fr\/faculty\/"]}]},{"@type":"BreadcrumbList","@id":"https:\/\/rosenhebrewschool.com\/fr\/faculty\/#breadcrumb","itemListElement":[{"@type":"ListItem","position":1,"name":"Home","item":"https:\/\/rosenhebrewschool.com\/fr\/"},{"@type":"ListItem","position":2,"name":"Rencontrez nos enseignants exceptionnels"}]},{"@type":"WebSite","@id":"https:\/\/rosenhebrewschool.com\/#website","url":"https:\/\/rosenhebrewschool.com\/","name":"Rosen School of Hebrew","description":"Deepen Your Understanding of the Bible","potentialAction":[{"@type":"SearchAction","target":{"@type":"EntryPoint","urlTemplate":"https:\/\/rosenhebrewschool.com\/?s={search_term_string}"},"query-input":{"@type":"PropertyValueSpecification","valueRequired":true,"valueName":"search_term_string"}}],"inLanguage":"fr-FR"}]}},"jetpack_shortlink":"https:\/\/wp.me\/PghxeR-4VY","jetpack_sharing_enabled":true,"_links":{"self":[{"href":"https:\/\/rosenhebrewschool.com\/fr\/wp-json\/wp\/v2\/pages\/18970","targetHints":{"allow":["GET"]}}],"collection":[{"href":"https:\/\/rosenhebrewschool.com\/fr\/wp-json\/wp\/v2\/pages"}],"about":[{"href":"https:\/\/rosenhebrewschool.com\/fr\/wp-json\/wp\/v2\/types\/page"}],"author":[{"embeddable":true,"href":"https:\/\/rosenhebrewschool.com\/fr\/wp-json\/wp\/v2\/users\/14"}],"replies":[{"embeddable":true,"href":"https:\/\/rosenhebrewschool.com\/fr\/wp-json\/wp\/v2\/comments?post=18970"}],"version-history":[{"count":0,"href":"https:\/\/rosenhebrewschool.com\/fr\/wp-json\/wp\/v2\/pages\/18970\/revisions"}],"wp:attachment":[{"href":"https:\/\/rosenhebrewschool.com\/fr\/wp-json\/wp\/v2\/media?parent=18970"}],"curies":[{"name":"wp","href":"https:\/\/api.w.org\/{rel}","templated":true}]}}