{"id":58851,"date":"2026-04-13T09:51:10","date_gmt":"2026-04-13T09:51:10","guid":{"rendered":"https:\/\/rosenschoolstg.wpengine.com\/courses\/cursos-de-hebreo-hablado\/"},"modified":"2026-04-13T13:55:26","modified_gmt":"2026-04-13T13:55:26","slug":"cursos-de-hebreo-hablado","status":"publish","type":"page","link":"https:\/\/rosenhebrewschool.com\/es\/courses\/cursos-de-hebreo-hablado\/","title":{"rendered":"Cursos de hebreo hablado"},"content":{"rendered":"","protected":false},"excerpt":{"rendered":"","protected":false},"author":40,"featured_media":58422,"parent":21205,"menu_order":0,"comment_status":"closed","ping_status":"closed","template":"page-courses-category.php","meta":{"_acf_changed":false,"inline_featured_image":false,"footnotes":""},"class_list":["post-58851","page","type-page","status-publish","has-post-thumbnail","hentry"],"acf":[],"yoast_head":"<!-- This site is optimized with the Yoast SEO plugin v26.5 - https:\/\/yoast.com\/wordpress\/plugins\/seo\/ -->\n<title>Cursos de hebreo hablado - Rosen School of Hebrew<\/title>\n<meta name=\"description\" content=\"Practica el hebreo hablado: agudiza tu pronunciaci\u00f3n, habla con aut\u00e9ntico acento israel\u00ed y gana seguridad a la hora de conversar.\" \/>\n<meta name=\"robots\" content=\"index, follow, max-snippet:-1, max-image-preview:large, max-video-preview:-1\" \/>\n<link rel=\"canonical\" href=\"https:\/\/rosenhebrewschool.com\/es\/courses\/cursos-de-hebreo-hablado\/\" \/>\n<meta property=\"og:locale\" content=\"es_ES\" \/>\n<meta property=\"og:type\" content=\"article\" \/>\n<meta property=\"og:title\" content=\"Cursos de hebreo hablado - Rosen School of Hebrew\" \/>\n<meta property=\"og:description\" content=\"Practica el hebreo hablado: agudiza tu pronunciaci\u00f3n, habla con aut\u00e9ntico acento israel\u00ed y gana seguridad a la hora de conversar.\" \/>\n<meta property=\"og:url\" content=\"https:\/\/rosenhebrewschool.com\/es\/courses\/cursos-de-hebreo-hablado\/\" \/>\n<meta property=\"og:site_name\" content=\"Rosen School of Hebrew\" \/>\n<meta property=\"article:modified_time\" content=\"2026-04-13T13:55:26+00:00\" \/>\n<meta property=\"og:image\" content=\"https:\/\/rosenhebrewschool.com\/wp-content\/uploads\/2025\/07\/rosen-sh-atf-image.webp\" \/>\n\t<meta property=\"og:image:width\" content=\"1000\" \/>\n\t<meta property=\"og:image:height\" content=\"1006\" \/>\n\t<meta property=\"og:image:type\" content=\"image\/webp\" \/>\n<meta name=\"twitter:card\" content=\"summary_large_image\" \/>\n<meta name=\"twitter:label1\" content=\"Tiempo de lectura\" \/>\n\t<meta name=\"twitter:data1\" content=\"1 minuto\" \/>\n<script type=\"application\/ld+json\" class=\"yoast-schema-graph\">{\"@context\":\"https:\/\/schema.org\",\"@graph\":[{\"@type\":\"WebPage\",\"@id\":\"https:\/\/rosenhebrewschool.com\/es\/courses\/cursos-de-hebreo-hablado\/\",\"url\":\"https:\/\/rosenhebrewschool.com\/es\/courses\/cursos-de-hebreo-hablado\/\",\"name\":\"Cursos de hebreo hablado - Rosen School of Hebrew\",\"isPartOf\":{\"@id\":\"https:\/\/rosenhebrewschool.com\/#website\"},\"primaryImageOfPage\":{\"@id\":\"https:\/\/rosenhebrewschool.com\/es\/courses\/cursos-de-hebreo-hablado\/#primaryimage\"},\"image\":{\"@id\":\"https:\/\/rosenhebrewschool.com\/es\/courses\/cursos-de-hebreo-hablado\/#primaryimage\"},\"thumbnailUrl\":\"https:\/\/rosenhebrewschool.com\/wp-content\/uploads\/2025\/07\/rosen-sh-atf-image.webp\",\"datePublished\":\"2026-04-13T09:51:10+00:00\",\"dateModified\":\"2026-04-13T13:55:26+00:00\",\"description\":\"Practica el hebreo hablado: agudiza tu pronunciaci\u00f3n, habla con aut\u00e9ntico acento israel\u00ed y gana seguridad a la hora de conversar.\",\"breadcrumb\":{\"@id\":\"https:\/\/rosenhebrewschool.com\/es\/courses\/cursos-de-hebreo-hablado\/#breadcrumb\"},\"inLanguage\":\"es\",\"potentialAction\":[{\"@type\":\"ReadAction\",\"target\":[\"https:\/\/rosenhebrewschool.com\/es\/courses\/cursos-de-hebreo-hablado\/\"]}]},{\"@type\":\"ImageObject\",\"inLanguage\":\"es\",\"@id\":\"https:\/\/rosenhebrewschool.com\/es\/courses\/cursos-de-hebreo-hablado\/#primaryimage\",\"url\":\"https:\/\/rosenhebrewschool.com\/wp-content\/uploads\/2025\/07\/rosen-sh-atf-image.webp\",\"contentUrl\":\"https:\/\/rosenhebrewschool.com\/wp-content\/uploads\/2025\/07\/rosen-sh-atf-image.webp\",\"width\":1000,\"height\":1006,\"caption\":\"Cursos de hebreo hablado \u2014 mujer mostrando c\u00f3mo decir Januc\u00e1 en hebreo, con fondo de mapa ilustrado\"},{\"@type\":\"BreadcrumbList\",\"@id\":\"https:\/\/rosenhebrewschool.com\/es\/courses\/cursos-de-hebreo-hablado\/#breadcrumb\",\"itemListElement\":[{\"@type\":\"ListItem\",\"position\":1,\"name\":\"Home\",\"item\":\"https:\/\/rosenhebrewschool.com\/es\/\"},{\"@type\":\"ListItem\",\"position\":2,\"name\":\"Cursos\",\"item\":\"https:\/\/rosenhebrewschool.com\/es\/courses\/\"},{\"@type\":\"ListItem\",\"position\":3,\"name\":\"Cursos de hebreo hablado\"}]},{\"@type\":\"WebSite\",\"@id\":\"https:\/\/rosenhebrewschool.com\/#website\",\"url\":\"https:\/\/rosenhebrewschool.com\/\",\"name\":\"Rosen School of Hebrew\",\"description\":\"Deepen Your Understanding of the Bible\",\"potentialAction\":[{\"@type\":\"SearchAction\",\"target\":{\"@type\":\"EntryPoint\",\"urlTemplate\":\"https:\/\/rosenhebrewschool.com\/?s={search_term_string}\"},\"query-input\":{\"@type\":\"PropertyValueSpecification\",\"valueRequired\":true,\"valueName\":\"search_term_string\"}}],\"inLanguage\":\"es\"}]}<\/script>\n<!-- \/ Yoast SEO plugin. -->","yoast_head_json":{"title":"Cursos de hebreo hablado - Rosen School of Hebrew","description":"Practica el hebreo hablado: agudiza tu pronunciaci\u00f3n, habla con aut\u00e9ntico acento israel\u00ed y gana seguridad a la hora de conversar.","robots":{"index":"index","follow":"follow","max-snippet":"max-snippet:-1","max-image-preview":"max-image-preview:large","max-video-preview":"max-video-preview:-1"},"canonical":"https:\/\/rosenhebrewschool.com\/es\/courses\/cursos-de-hebreo-hablado\/","og_locale":"es_ES","og_type":"article","og_title":"Cursos de hebreo hablado - Rosen School of Hebrew","og_description":"Practica el hebreo hablado: agudiza tu pronunciaci\u00f3n, habla con aut\u00e9ntico acento israel\u00ed y gana seguridad a la hora de conversar.","og_url":"https:\/\/rosenhebrewschool.com\/es\/courses\/cursos-de-hebreo-hablado\/","og_site_name":"Rosen School of Hebrew","article_modified_time":"2026-04-13T13:55:26+00:00","og_image":[{"width":1000,"height":1006,"url":"https:\/\/rosenhebrewschool.com\/wp-content\/uploads\/2025\/07\/rosen-sh-atf-image.webp","type":"image\/webp"}],"twitter_card":"summary_large_image","twitter_misc":{"Tiempo de lectura":"1 minuto"},"schema":{"@context":"https:\/\/schema.org","@graph":[{"@type":"WebPage","@id":"https:\/\/rosenhebrewschool.com\/es\/courses\/cursos-de-hebreo-hablado\/","url":"https:\/\/rosenhebrewschool.com\/es\/courses\/cursos-de-hebreo-hablado\/","name":"Cursos de hebreo hablado - Rosen School of Hebrew","isPartOf":{"@id":"https:\/\/rosenhebrewschool.com\/#website"},"primaryImageOfPage":{"@id":"https:\/\/rosenhebrewschool.com\/es\/courses\/cursos-de-hebreo-hablado\/#primaryimage"},"image":{"@id":"https:\/\/rosenhebrewschool.com\/es\/courses\/cursos-de-hebreo-hablado\/#primaryimage"},"thumbnailUrl":"https:\/\/rosenhebrewschool.com\/wp-content\/uploads\/2025\/07\/rosen-sh-atf-image.webp","datePublished":"2026-04-13T09:51:10+00:00","dateModified":"2026-04-13T13:55:26+00:00","description":"Practica el hebreo hablado: agudiza tu pronunciaci\u00f3n, habla con aut\u00e9ntico acento israel\u00ed y gana seguridad a la hora de conversar.","breadcrumb":{"@id":"https:\/\/rosenhebrewschool.com\/es\/courses\/cursos-de-hebreo-hablado\/#breadcrumb"},"inLanguage":"es","potentialAction":[{"@type":"ReadAction","target":["https:\/\/rosenhebrewschool.com\/es\/courses\/cursos-de-hebreo-hablado\/"]}]},{"@type":"ImageObject","inLanguage":"es","@id":"https:\/\/rosenhebrewschool.com\/es\/courses\/cursos-de-hebreo-hablado\/#primaryimage","url":"https:\/\/rosenhebrewschool.com\/wp-content\/uploads\/2025\/07\/rosen-sh-atf-image.webp","contentUrl":"https:\/\/rosenhebrewschool.com\/wp-content\/uploads\/2025\/07\/rosen-sh-atf-image.webp","width":1000,"height":1006,"caption":"Cursos de hebreo hablado \u2014 mujer mostrando c\u00f3mo decir Januc\u00e1 en hebreo, con fondo de mapa ilustrado"},{"@type":"BreadcrumbList","@id":"https:\/\/rosenhebrewschool.com\/es\/courses\/cursos-de-hebreo-hablado\/#breadcrumb","itemListElement":[{"@type":"ListItem","position":1,"name":"Home","item":"https:\/\/rosenhebrewschool.com\/es\/"},{"@type":"ListItem","position":2,"name":"Cursos","item":"https:\/\/rosenhebrewschool.com\/es\/courses\/"},{"@type":"ListItem","position":3,"name":"Cursos de hebreo hablado"}]},{"@type":"WebSite","@id":"https:\/\/rosenhebrewschool.com\/#website","url":"https:\/\/rosenhebrewschool.com\/","name":"Rosen School of Hebrew","description":"Deepen Your Understanding of the Bible","potentialAction":[{"@type":"SearchAction","target":{"@type":"EntryPoint","urlTemplate":"https:\/\/rosenhebrewschool.com\/?s={search_term_string}"},"query-input":{"@type":"PropertyValueSpecification","valueRequired":true,"valueName":"search_term_string"}}],"inLanguage":"es"}]}},"jetpack_shortlink":"https:\/\/wp.me\/PghxeR-fjd","jetpack_sharing_enabled":true,"_links":{"self":[{"href":"https:\/\/rosenhebrewschool.com\/es\/wp-json\/wp\/v2\/pages\/58851","targetHints":{"allow":["GET"]}}],"collection":[{"href":"https:\/\/rosenhebrewschool.com\/es\/wp-json\/wp\/v2\/pages"}],"about":[{"href":"https:\/\/rosenhebrewschool.com\/es\/wp-json\/wp\/v2\/types\/page"}],"author":[{"embeddable":true,"href":"https:\/\/rosenhebrewschool.com\/es\/wp-json\/wp\/v2\/users\/40"}],"replies":[{"embeddable":true,"href":"https:\/\/rosenhebrewschool.com\/es\/wp-json\/wp\/v2\/comments?post=58851"}],"version-history":[{"count":0,"href":"https:\/\/rosenhebrewschool.com\/es\/wp-json\/wp\/v2\/pages\/58851\/revisions"}],"up":[{"embeddable":true,"href":"https:\/\/rosenhebrewschool.com\/es\/wp-json\/wp\/v2\/pages\/21205"}],"wp:featuredmedia":[{"embeddable":true,"href":"https:\/\/rosenhebrewschool.com\/es\/wp-json\/wp\/v2\/media\/58422"}],"wp:attachment":[{"href":"https:\/\/rosenhebrewschool.com\/es\/wp-json\/wp\/v2\/media?parent=58851"}],"curies":[{"name":"wp","href":"https:\/\/api.w.org\/{rel}","templated":true}]}}