{"id":2886,"date":"2016-10-25T14:30:53","date_gmt":"2016-10-25T14:30:53","guid":{"rendered":"http:\/\/eteacher.webstickprojects.co.il\/es\/thank-you\/"},"modified":"2024-09-10T09:38:24","modified_gmt":"2024-09-10T09:38:24","slug":"thank-you-confirming-your-details","status":"publish","type":"page","link":"https:\/\/rosenhebrewschool.com\/es\/thank-you-confirming-your-details\/","title":{"rendered":"Gracias"},"content":{"rendered":"<p>Tu formulario fue enviado y nos pondremos en contacto contigo pronto. Si te interesa, aqu\u00ed tienes algunos art\u00edculos que podr\u00edan gustarte.<\/p>\n","protected":false},"excerpt":{"rendered":"<p>Tu formulario fue enviado y nos pondremos en contacto contigo pronto. Si te interesa, aqu\u00ed tienes algunos art\u00edculos que podr\u00edan&#8230;<\/p>\n","protected":false},"author":18,"featured_media":0,"parent":0,"menu_order":0,"comment_status":"closed","ping_status":"closed","template":"page-contact-thank-you.php","meta":{"_acf_changed":false,"inline_featured_image":false,"footnotes":""},"class_list":["post-2886","page","type-page","status-publish","hentry"],"acf":[],"yoast_head":"<!-- This site is optimized with the Yoast SEO plugin v26.5 - https:\/\/yoast.com\/wordpress\/plugins\/seo\/ -->\n<title>Gracias - Rosen School of Hebrew<\/title>\n<meta name=\"robots\" content=\"index, follow, max-snippet:-1, max-image-preview:large, max-video-preview:-1\" \/>\n<link rel=\"canonical\" href=\"https:\/\/rosenhebrewschool.com\/es\/thank-you-confirming-your-details\/\" \/>\n<meta property=\"og:locale\" content=\"es_ES\" \/>\n<meta property=\"og:type\" content=\"article\" \/>\n<meta property=\"og:title\" content=\"Gracias - Rosen School of Hebrew\" \/>\n<meta property=\"og:description\" content=\"Tu formulario fue enviado y nos pondremos en contacto contigo pronto. Si te interesa, aqu\u00ed tienes algunos art\u00edculos que podr\u00edan...\" \/>\n<meta property=\"og:url\" content=\"https:\/\/rosenhebrewschool.com\/es\/thank-you-confirming-your-details\/\" \/>\n<meta property=\"og:site_name\" content=\"Rosen School of Hebrew\" \/>\n<meta property=\"article:modified_time\" content=\"2024-09-10T09:38:24+00:00\" \/>\n<meta name=\"twitter:card\" content=\"summary_large_image\" \/>\n<meta name=\"twitter:label1\" content=\"Tiempo de lectura\" \/>\n\t<meta name=\"twitter:data1\" content=\"1 minuto\" \/>\n<script type=\"application\/ld+json\" class=\"yoast-schema-graph\">{\"@context\":\"https:\/\/schema.org\",\"@graph\":[{\"@type\":\"WebPage\",\"@id\":\"https:\/\/rosenhebrewschool.com\/es\/thank-you-confirming-your-details\/\",\"url\":\"https:\/\/rosenhebrewschool.com\/es\/thank-you-confirming-your-details\/\",\"name\":\"Gracias - Rosen School of Hebrew\",\"isPartOf\":{\"@id\":\"https:\/\/rosenhebrewschool.com\/#website\"},\"datePublished\":\"2016-10-25T14:30:53+00:00\",\"dateModified\":\"2024-09-10T09:38:24+00:00\",\"breadcrumb\":{\"@id\":\"https:\/\/rosenhebrewschool.com\/es\/thank-you-confirming-your-details\/#breadcrumb\"},\"inLanguage\":\"es\",\"potentialAction\":[{\"@type\":\"ReadAction\",\"target\":[\"https:\/\/rosenhebrewschool.com\/es\/thank-you-confirming-your-details\/\"]}]},{\"@type\":\"BreadcrumbList\",\"@id\":\"https:\/\/rosenhebrewschool.com\/es\/thank-you-confirming-your-details\/#breadcrumb\",\"itemListElement\":[{\"@type\":\"ListItem\",\"position\":1,\"name\":\"Home\",\"item\":\"https:\/\/rosenhebrewschool.com\/es\/\"},{\"@type\":\"ListItem\",\"position\":2,\"name\":\"Gracias\"}]},{\"@type\":\"WebSite\",\"@id\":\"https:\/\/rosenhebrewschool.com\/#website\",\"url\":\"https:\/\/rosenhebrewschool.com\/\",\"name\":\"Rosen School of Hebrew\",\"description\":\"Deepen Your Understanding of the Bible\",\"potentialAction\":[{\"@type\":\"SearchAction\",\"target\":{\"@type\":\"EntryPoint\",\"urlTemplate\":\"https:\/\/rosenhebrewschool.com\/?s={search_term_string}\"},\"query-input\":{\"@type\":\"PropertyValueSpecification\",\"valueRequired\":true,\"valueName\":\"search_term_string\"}}],\"inLanguage\":\"es\"}]}<\/script>\n<!-- \/ Yoast SEO plugin. -->","yoast_head_json":{"title":"Gracias - Rosen School of Hebrew","robots":{"index":"index","follow":"follow","max-snippet":"max-snippet:-1","max-image-preview":"max-image-preview:large","max-video-preview":"max-video-preview:-1"},"canonical":"https:\/\/rosenhebrewschool.com\/es\/thank-you-confirming-your-details\/","og_locale":"es_ES","og_type":"article","og_title":"Gracias - Rosen School of Hebrew","og_description":"Tu formulario fue enviado y nos pondremos en contacto contigo pronto. Si te interesa, aqu\u00ed tienes algunos art\u00edculos que podr\u00edan...","og_url":"https:\/\/rosenhebrewschool.com\/es\/thank-you-confirming-your-details\/","og_site_name":"Rosen School of Hebrew","article_modified_time":"2024-09-10T09:38:24+00:00","twitter_card":"summary_large_image","twitter_misc":{"Tiempo de lectura":"1 minuto"},"schema":{"@context":"https:\/\/schema.org","@graph":[{"@type":"WebPage","@id":"https:\/\/rosenhebrewschool.com\/es\/thank-you-confirming-your-details\/","url":"https:\/\/rosenhebrewschool.com\/es\/thank-you-confirming-your-details\/","name":"Gracias - Rosen School of Hebrew","isPartOf":{"@id":"https:\/\/rosenhebrewschool.com\/#website"},"datePublished":"2016-10-25T14:30:53+00:00","dateModified":"2024-09-10T09:38:24+00:00","breadcrumb":{"@id":"https:\/\/rosenhebrewschool.com\/es\/thank-you-confirming-your-details\/#breadcrumb"},"inLanguage":"es","potentialAction":[{"@type":"ReadAction","target":["https:\/\/rosenhebrewschool.com\/es\/thank-you-confirming-your-details\/"]}]},{"@type":"BreadcrumbList","@id":"https:\/\/rosenhebrewschool.com\/es\/thank-you-confirming-your-details\/#breadcrumb","itemListElement":[{"@type":"ListItem","position":1,"name":"Home","item":"https:\/\/rosenhebrewschool.com\/es\/"},{"@type":"ListItem","position":2,"name":"Gracias"}]},{"@type":"WebSite","@id":"https:\/\/rosenhebrewschool.com\/#website","url":"https:\/\/rosenhebrewschool.com\/","name":"Rosen School of Hebrew","description":"Deepen Your Understanding of the Bible","potentialAction":[{"@type":"SearchAction","target":{"@type":"EntryPoint","urlTemplate":"https:\/\/rosenhebrewschool.com\/?s={search_term_string}"},"query-input":{"@type":"PropertyValueSpecification","valueRequired":true,"valueName":"search_term_string"}}],"inLanguage":"es"}]}},"jetpack_shortlink":"https:\/\/wp.me\/PghxeR-Ky","jetpack_sharing_enabled":true,"_links":{"self":[{"href":"https:\/\/rosenhebrewschool.com\/es\/wp-json\/wp\/v2\/pages\/2886","targetHints":{"allow":["GET"]}}],"collection":[{"href":"https:\/\/rosenhebrewschool.com\/es\/wp-json\/wp\/v2\/pages"}],"about":[{"href":"https:\/\/rosenhebrewschool.com\/es\/wp-json\/wp\/v2\/types\/page"}],"author":[{"embeddable":true,"href":"https:\/\/rosenhebrewschool.com\/es\/wp-json\/wp\/v2\/users\/18"}],"replies":[{"embeddable":true,"href":"https:\/\/rosenhebrewschool.com\/es\/wp-json\/wp\/v2\/comments?post=2886"}],"version-history":[{"count":0,"href":"https:\/\/rosenhebrewschool.com\/es\/wp-json\/wp\/v2\/pages\/2886\/revisions"}],"wp:attachment":[{"href":"https:\/\/rosenhebrewschool.com\/es\/wp-json\/wp\/v2\/media?parent=2886"}],"curies":[{"name":"wp","href":"https:\/\/api.w.org\/{rel}","templated":true}]}}