{"id":2879,"date":"2016-09-20T08:38:28","date_gmt":"2016-09-20T08:38:28","guid":{"rendered":"http:\/\/eteacher.webstickprojects.co.il\/es\/contact-us\/"},"modified":"2025-06-09T06:20:19","modified_gmt":"2025-06-09T06:20:19","slug":"signup","status":"publish","type":"page","link":"https:\/\/rosenhebrewschool.com\/es\/signup\/","title":{"rendered":"Contacto"},"content":{"rendered":"","protected":false},"excerpt":{"rendered":"","protected":false},"author":18,"featured_media":0,"parent":0,"menu_order":0,"comment_status":"closed","ping_status":"closed","template":"page-contact.php","meta":{"_acf_changed":false,"inline_featured_image":false,"footnotes":""},"class_list":["post-2879","page","type-page","status-publish","hentry"],"acf":[],"yoast_head":"<!-- This site is optimized with the Yoast SEO plugin v26.5 - https:\/\/yoast.com\/wordpress\/plugins\/seo\/ -->\n<title>Cont\u00e1ctenos: Instituto Rosen de Hebreo<\/title>\n<meta name=\"description\" content=\"Env\u00edenos su informaci\u00f3n de contacto y nos pondremos en contacto con usted o ll\u00e1menos directamente. Usted es libre de consultarnos con respecto a todos nuestros distintos cursos, nuestras puertas siempre est\u00e1n abiertas.\" \/>\n<meta name=\"robots\" content=\"index, follow, max-snippet:-1, max-image-preview:large, max-video-preview:-1\" \/>\n<link rel=\"canonical\" href=\"https:\/\/rosenhebrewschool.com\/es\/signup\/\" \/>\n<meta property=\"og:locale\" content=\"es_ES\" \/>\n<meta property=\"og:type\" content=\"article\" \/>\n<meta property=\"og:title\" content=\"Cont\u00e1ctenos: Instituto Rosen de Hebreo\" \/>\n<meta property=\"og:description\" content=\"Env\u00edenos su informaci\u00f3n de contacto y nos pondremos en contacto con usted o ll\u00e1menos directamente. Usted es libre de consultarnos con respecto a todos nuestros distintos cursos, nuestras puertas siempre est\u00e1n abiertas.\" \/>\n<meta property=\"og:url\" content=\"https:\/\/rosenhebrewschool.com\/es\/signup\/\" \/>\n<meta property=\"og:site_name\" content=\"Rosen School of Hebrew\" \/>\n<meta property=\"article:modified_time\" content=\"2025-06-09T06:20:19+00:00\" \/>\n<meta name=\"twitter:card\" content=\"summary_large_image\" \/>\n<script type=\"application\/ld+json\" class=\"yoast-schema-graph\">{\"@context\":\"https:\/\/schema.org\",\"@graph\":[{\"@type\":\"WebPage\",\"@id\":\"https:\/\/rosenhebrewschool.com\/es\/signup\/\",\"url\":\"https:\/\/rosenhebrewschool.com\/es\/signup\/\",\"name\":\"Cont\u00e1ctenos: Instituto Rosen de Hebreo\",\"isPartOf\":{\"@id\":\"https:\/\/rosenhebrewschool.com\/#website\"},\"datePublished\":\"2016-09-20T08:38:28+00:00\",\"dateModified\":\"2025-06-09T06:20:19+00:00\",\"description\":\"Env\u00edenos su informaci\u00f3n de contacto y nos pondremos en contacto con usted o ll\u00e1menos directamente. Usted es libre de consultarnos con respecto a todos nuestros distintos cursos, nuestras puertas siempre est\u00e1n abiertas.\",\"breadcrumb\":{\"@id\":\"https:\/\/rosenhebrewschool.com\/es\/signup\/#breadcrumb\"},\"inLanguage\":\"es\",\"potentialAction\":[{\"@type\":\"ReadAction\",\"target\":[\"https:\/\/rosenhebrewschool.com\/es\/signup\/\"]}]},{\"@type\":\"BreadcrumbList\",\"@id\":\"https:\/\/rosenhebrewschool.com\/es\/signup\/#breadcrumb\",\"itemListElement\":[{\"@type\":\"ListItem\",\"position\":1,\"name\":\"Home\",\"item\":\"https:\/\/rosenhebrewschool.com\/es\/\"},{\"@type\":\"ListItem\",\"position\":2,\"name\":\"Contacto\"}]},{\"@type\":\"WebSite\",\"@id\":\"https:\/\/rosenhebrewschool.com\/#website\",\"url\":\"https:\/\/rosenhebrewschool.com\/\",\"name\":\"Rosen School of Hebrew\",\"description\":\"Deepen Your Understanding of the Bible\",\"potentialAction\":[{\"@type\":\"SearchAction\",\"target\":{\"@type\":\"EntryPoint\",\"urlTemplate\":\"https:\/\/rosenhebrewschool.com\/?s={search_term_string}\"},\"query-input\":{\"@type\":\"PropertyValueSpecification\",\"valueRequired\":true,\"valueName\":\"search_term_string\"}}],\"inLanguage\":\"es\"}]}<\/script>\n<!-- \/ Yoast SEO plugin. -->","yoast_head_json":{"title":"Cont\u00e1ctenos: Instituto Rosen de Hebreo","description":"Env\u00edenos su informaci\u00f3n de contacto y nos pondremos en contacto con usted o ll\u00e1menos directamente. Usted es libre de consultarnos con respecto a todos nuestros distintos cursos, nuestras puertas siempre est\u00e1n abiertas.","robots":{"index":"index","follow":"follow","max-snippet":"max-snippet:-1","max-image-preview":"max-image-preview:large","max-video-preview":"max-video-preview:-1"},"canonical":"https:\/\/rosenhebrewschool.com\/es\/signup\/","og_locale":"es_ES","og_type":"article","og_title":"Cont\u00e1ctenos: Instituto Rosen de Hebreo","og_description":"Env\u00edenos su informaci\u00f3n de contacto y nos pondremos en contacto con usted o ll\u00e1menos directamente. Usted es libre de consultarnos con respecto a todos nuestros distintos cursos, nuestras puertas siempre est\u00e1n abiertas.","og_url":"https:\/\/rosenhebrewschool.com\/es\/signup\/","og_site_name":"Rosen School of Hebrew","article_modified_time":"2025-06-09T06:20:19+00:00","twitter_card":"summary_large_image","schema":{"@context":"https:\/\/schema.org","@graph":[{"@type":"WebPage","@id":"https:\/\/rosenhebrewschool.com\/es\/signup\/","url":"https:\/\/rosenhebrewschool.com\/es\/signup\/","name":"Cont\u00e1ctenos: Instituto Rosen de Hebreo","isPartOf":{"@id":"https:\/\/rosenhebrewschool.com\/#website"},"datePublished":"2016-09-20T08:38:28+00:00","dateModified":"2025-06-09T06:20:19+00:00","description":"Env\u00edenos su informaci\u00f3n de contacto y nos pondremos en contacto con usted o ll\u00e1menos directamente. Usted es libre de consultarnos con respecto a todos nuestros distintos cursos, nuestras puertas siempre est\u00e1n abiertas.","breadcrumb":{"@id":"https:\/\/rosenhebrewschool.com\/es\/signup\/#breadcrumb"},"inLanguage":"es","potentialAction":[{"@type":"ReadAction","target":["https:\/\/rosenhebrewschool.com\/es\/signup\/"]}]},{"@type":"BreadcrumbList","@id":"https:\/\/rosenhebrewschool.com\/es\/signup\/#breadcrumb","itemListElement":[{"@type":"ListItem","position":1,"name":"Home","item":"https:\/\/rosenhebrewschool.com\/es\/"},{"@type":"ListItem","position":2,"name":"Contacto"}]},{"@type":"WebSite","@id":"https:\/\/rosenhebrewschool.com\/#website","url":"https:\/\/rosenhebrewschool.com\/","name":"Rosen School of Hebrew","description":"Deepen Your Understanding of the Bible","potentialAction":[{"@type":"SearchAction","target":{"@type":"EntryPoint","urlTemplate":"https:\/\/rosenhebrewschool.com\/?s={search_term_string}"},"query-input":{"@type":"PropertyValueSpecification","valueRequired":true,"valueName":"search_term_string"}}],"inLanguage":"es"}]}},"jetpack_shortlink":"https:\/\/wp.me\/PghxeR-Kr","jetpack_sharing_enabled":true,"_links":{"self":[{"href":"https:\/\/rosenhebrewschool.com\/es\/wp-json\/wp\/v2\/pages\/2879","targetHints":{"allow":["GET"]}}],"collection":[{"href":"https:\/\/rosenhebrewschool.com\/es\/wp-json\/wp\/v2\/pages"}],"about":[{"href":"https:\/\/rosenhebrewschool.com\/es\/wp-json\/wp\/v2\/types\/page"}],"author":[{"embeddable":true,"href":"https:\/\/rosenhebrewschool.com\/es\/wp-json\/wp\/v2\/users\/18"}],"replies":[{"embeddable":true,"href":"https:\/\/rosenhebrewschool.com\/es\/wp-json\/wp\/v2\/comments?post=2879"}],"version-history":[{"count":0,"href":"https:\/\/rosenhebrewschool.com\/es\/wp-json\/wp\/v2\/pages\/2879\/revisions"}],"wp:attachment":[{"href":"https:\/\/rosenhebrewschool.com\/es\/wp-json\/wp\/v2\/media?parent=2879"}],"curies":[{"name":"wp","href":"https:\/\/api.w.org\/{rel}","templated":true}]}}