{"id":20260,"date":"2017-11-21T08:04:44","date_gmt":"2017-11-21T08:04:44","guid":{"rendered":"https:\/\/rosenschoolstg.wpengine.com\/reviews\/"},"modified":"2024-09-10T09:37:06","modified_gmt":"2024-09-10T09:37:06","slug":"reviews","status":"publish","type":"page","link":"https:\/\/rosenhebrewschool.com\/es\/reviews\/","title":{"rendered":"Comentarios"},"content":{"rendered":"","protected":false},"excerpt":{"rendered":"","protected":false},"author":14,"featured_media":0,"parent":0,"menu_order":0,"comment_status":"closed","ping_status":"closed","template":"page-reviews.php","meta":{"_acf_changed":false,"inline_featured_image":false,"footnotes":""},"class_list":["post-20260","page","type-page","status-publish","hentry"],"acf":[],"yoast_head":"<!-- This site is optimized with the Yoast SEO plugin v26.5 - https:\/\/yoast.com\/wordpress\/plugins\/seo\/ -->\n<title>Rese\u00f1as de los estudiantes del Instituto Rosen de Hebreo<\/title>\n<meta name=\"description\" content=\"Los estudiantes del Instituto Rosen de Hebreo publican rese\u00f1as de su experiencia \u00fanica con los diversos cursos en l\u00ednea que ofrecemos. No se f\u00ede de nuestra palabra, escuche lo que nuestros estudiantes tienen que decir. Escuche los pensamientos de los estudiantes graduados que ahora hablan hebreo todos los d\u00edas.\" \/>\n<meta name=\"robots\" content=\"index, follow, max-snippet:-1, max-image-preview:large, max-video-preview:-1\" \/>\n<link rel=\"canonical\" href=\"https:\/\/rosenhebrewschool.com\/es\/reviews\/\" \/>\n<meta property=\"og:locale\" content=\"es_ES\" \/>\n<meta property=\"og:type\" content=\"article\" \/>\n<meta property=\"og:title\" content=\"Rese\u00f1as de los estudiantes del Instituto Rosen de Hebreo\" \/>\n<meta property=\"og:description\" content=\"Los estudiantes del Instituto Rosen de Hebreo publican rese\u00f1as de su experiencia \u00fanica con los diversos cursos en l\u00ednea que ofrecemos. No se f\u00ede de nuestra palabra, escuche lo que nuestros estudiantes tienen que decir. Escuche los pensamientos de los estudiantes graduados que ahora hablan hebreo todos los d\u00edas.\" \/>\n<meta property=\"og:url\" content=\"https:\/\/rosenhebrewschool.com\/es\/reviews\/\" \/>\n<meta property=\"og:site_name\" content=\"Rosen School of Hebrew\" \/>\n<meta property=\"article:modified_time\" content=\"2024-09-10T09:37:06+00:00\" \/>\n<meta name=\"twitter:card\" content=\"summary_large_image\" \/>\n<script type=\"application\/ld+json\" class=\"yoast-schema-graph\">{\"@context\":\"https:\/\/schema.org\",\"@graph\":[{\"@type\":\"WebPage\",\"@id\":\"https:\/\/rosenhebrewschool.com\/es\/reviews\/\",\"url\":\"https:\/\/rosenhebrewschool.com\/es\/reviews\/\",\"name\":\"Rese\u00f1as de los estudiantes del Instituto Rosen de Hebreo\",\"isPartOf\":{\"@id\":\"https:\/\/rosenhebrewschool.com\/#website\"},\"datePublished\":\"2017-11-21T08:04:44+00:00\",\"dateModified\":\"2024-09-10T09:37:06+00:00\",\"description\":\"Los estudiantes del Instituto Rosen de Hebreo publican rese\u00f1as de su experiencia \u00fanica con los diversos cursos en l\u00ednea que ofrecemos. No se f\u00ede de nuestra palabra, escuche lo que nuestros estudiantes tienen que decir. Escuche los pensamientos de los estudiantes graduados que ahora hablan hebreo todos los d\u00edas.\",\"breadcrumb\":{\"@id\":\"https:\/\/rosenhebrewschool.com\/es\/reviews\/#breadcrumb\"},\"inLanguage\":\"es\",\"potentialAction\":[{\"@type\":\"ReadAction\",\"target\":[\"https:\/\/rosenhebrewschool.com\/es\/reviews\/\"]}]},{\"@type\":\"BreadcrumbList\",\"@id\":\"https:\/\/rosenhebrewschool.com\/es\/reviews\/#breadcrumb\",\"itemListElement\":[{\"@type\":\"ListItem\",\"position\":1,\"name\":\"Home\",\"item\":\"https:\/\/rosenhebrewschool.com\/es\/\"},{\"@type\":\"ListItem\",\"position\":2,\"name\":\"Comentarios\"}]},{\"@type\":\"WebSite\",\"@id\":\"https:\/\/rosenhebrewschool.com\/#website\",\"url\":\"https:\/\/rosenhebrewschool.com\/\",\"name\":\"Rosen School of Hebrew\",\"description\":\"Deepen Your Understanding of the Bible\",\"potentialAction\":[{\"@type\":\"SearchAction\",\"target\":{\"@type\":\"EntryPoint\",\"urlTemplate\":\"https:\/\/rosenhebrewschool.com\/?s={search_term_string}\"},\"query-input\":{\"@type\":\"PropertyValueSpecification\",\"valueRequired\":true,\"valueName\":\"search_term_string\"}}],\"inLanguage\":\"es\"}]}<\/script>\n<!-- \/ Yoast SEO plugin. -->","yoast_head_json":{"title":"Rese\u00f1as de los estudiantes del Instituto Rosen de Hebreo","description":"Los estudiantes del Instituto Rosen de Hebreo publican rese\u00f1as de su experiencia \u00fanica con los diversos cursos en l\u00ednea que ofrecemos. No se f\u00ede de nuestra palabra, escuche lo que nuestros estudiantes tienen que decir. Escuche los pensamientos de los estudiantes graduados que ahora hablan hebreo todos los d\u00edas.","robots":{"index":"index","follow":"follow","max-snippet":"max-snippet:-1","max-image-preview":"max-image-preview:large","max-video-preview":"max-video-preview:-1"},"canonical":"https:\/\/rosenhebrewschool.com\/es\/reviews\/","og_locale":"es_ES","og_type":"article","og_title":"Rese\u00f1as de los estudiantes del Instituto Rosen de Hebreo","og_description":"Los estudiantes del Instituto Rosen de Hebreo publican rese\u00f1as de su experiencia \u00fanica con los diversos cursos en l\u00ednea que ofrecemos. No se f\u00ede de nuestra palabra, escuche lo que nuestros estudiantes tienen que decir. Escuche los pensamientos de los estudiantes graduados que ahora hablan hebreo todos los d\u00edas.","og_url":"https:\/\/rosenhebrewschool.com\/es\/reviews\/","og_site_name":"Rosen School of Hebrew","article_modified_time":"2024-09-10T09:37:06+00:00","twitter_card":"summary_large_image","schema":{"@context":"https:\/\/schema.org","@graph":[{"@type":"WebPage","@id":"https:\/\/rosenhebrewschool.com\/es\/reviews\/","url":"https:\/\/rosenhebrewschool.com\/es\/reviews\/","name":"Rese\u00f1as de los estudiantes del Instituto Rosen de Hebreo","isPartOf":{"@id":"https:\/\/rosenhebrewschool.com\/#website"},"datePublished":"2017-11-21T08:04:44+00:00","dateModified":"2024-09-10T09:37:06+00:00","description":"Los estudiantes del Instituto Rosen de Hebreo publican rese\u00f1as de su experiencia \u00fanica con los diversos cursos en l\u00ednea que ofrecemos. No se f\u00ede de nuestra palabra, escuche lo que nuestros estudiantes tienen que decir. Escuche los pensamientos de los estudiantes graduados que ahora hablan hebreo todos los d\u00edas.","breadcrumb":{"@id":"https:\/\/rosenhebrewschool.com\/es\/reviews\/#breadcrumb"},"inLanguage":"es","potentialAction":[{"@type":"ReadAction","target":["https:\/\/rosenhebrewschool.com\/es\/reviews\/"]}]},{"@type":"BreadcrumbList","@id":"https:\/\/rosenhebrewschool.com\/es\/reviews\/#breadcrumb","itemListElement":[{"@type":"ListItem","position":1,"name":"Home","item":"https:\/\/rosenhebrewschool.com\/es\/"},{"@type":"ListItem","position":2,"name":"Comentarios"}]},{"@type":"WebSite","@id":"https:\/\/rosenhebrewschool.com\/#website","url":"https:\/\/rosenhebrewschool.com\/","name":"Rosen School of Hebrew","description":"Deepen Your Understanding of the Bible","potentialAction":[{"@type":"SearchAction","target":{"@type":"EntryPoint","urlTemplate":"https:\/\/rosenhebrewschool.com\/?s={search_term_string}"},"query-input":{"@type":"PropertyValueSpecification","valueRequired":true,"valueName":"search_term_string"}}],"inLanguage":"es"}]}},"jetpack_shortlink":"https:\/\/wp.me\/PghxeR-5gM","jetpack_sharing_enabled":true,"_links":{"self":[{"href":"https:\/\/rosenhebrewschool.com\/es\/wp-json\/wp\/v2\/pages\/20260","targetHints":{"allow":["GET"]}}],"collection":[{"href":"https:\/\/rosenhebrewschool.com\/es\/wp-json\/wp\/v2\/pages"}],"about":[{"href":"https:\/\/rosenhebrewschool.com\/es\/wp-json\/wp\/v2\/types\/page"}],"author":[{"embeddable":true,"href":"https:\/\/rosenhebrewschool.com\/es\/wp-json\/wp\/v2\/users\/14"}],"replies":[{"embeddable":true,"href":"https:\/\/rosenhebrewschool.com\/es\/wp-json\/wp\/v2\/comments?post=20260"}],"version-history":[{"count":0,"href":"https:\/\/rosenhebrewschool.com\/es\/wp-json\/wp\/v2\/pages\/20260\/revisions"}],"wp:attachment":[{"href":"https:\/\/rosenhebrewschool.com\/es\/wp-json\/wp\/v2\/media?parent=20260"}],"curies":[{"name":"wp","href":"https:\/\/api.w.org\/{rel}","templated":true}]}}