{"id":1471,"date":"2016-09-20T08:30:53","date_gmt":"2016-09-20T08:30:53","guid":{"rendered":"http:\/\/eteacher.webstickprojects.co.il\/es\/about\/"},"modified":"2025-08-13T10:09:14","modified_gmt":"2025-08-13T10:09:14","slug":"about","status":"publish","type":"page","link":"https:\/\/rosenhebrewschool.com\/es\/about\/","title":{"rendered":"Qui\u00e9nes Somos"},"content":{"rendered":"","protected":false},"excerpt":{"rendered":"","protected":false},"author":18,"featured_media":0,"parent":0,"menu_order":0,"comment_status":"closed","ping_status":"closed","template":"page-about.php","meta":{"_acf_changed":false,"inline_featured_image":false,"footnotes":""},"class_list":["post-1471","page","type-page","status-publish","hentry"],"acf":[],"yoast_head":"<!-- This site is optimized with the Yoast SEO plugin v26.5 - https:\/\/yoast.com\/wordpress\/plugins\/seo\/ -->\n<title>Qui\u00e9nes somos: el instituto l\u00edder del hebreo moderno contempor\u00e1neo<\/title>\n<meta name=\"description\" content=\"Conozca la historia de nuestro instituto. Mezclamos la tradici\u00f3n jud\u00eda con la modernidad de las clases en l\u00ednea, todas impartidas por maestros israel\u00edes nativos, lo que permite que los alumnos de hebreo estudien el idioma de manera eficaz y divertida.\" \/>\n<meta name=\"robots\" content=\"index, follow, max-snippet:-1, max-image-preview:large, max-video-preview:-1\" \/>\n<link rel=\"canonical\" href=\"https:\/\/rosenhebrewschool.com\/es\/about\/\" \/>\n<meta property=\"og:locale\" content=\"es_ES\" \/>\n<meta property=\"og:type\" content=\"article\" \/>\n<meta property=\"og:title\" content=\"Qui\u00e9nes somos: el instituto l\u00edder del hebreo moderno contempor\u00e1neo\" \/>\n<meta property=\"og:description\" content=\"Conozca la historia de nuestro instituto. Mezclamos la tradici\u00f3n jud\u00eda con la modernidad de las clases en l\u00ednea, todas impartidas por maestros israel\u00edes nativos, lo que permite que los alumnos de hebreo estudien el idioma de manera eficaz y divertida.\" \/>\n<meta property=\"og:url\" content=\"https:\/\/rosenhebrewschool.com\/es\/about\/\" \/>\n<meta property=\"og:site_name\" content=\"Rosen School of Hebrew\" \/>\n<meta property=\"article:modified_time\" content=\"2025-08-13T10:09:14+00:00\" \/>\n<meta name=\"twitter:card\" content=\"summary_large_image\" \/>\n<script type=\"application\/ld+json\" class=\"yoast-schema-graph\">{\"@context\":\"https:\/\/schema.org\",\"@graph\":[{\"@type\":\"WebPage\",\"@id\":\"https:\/\/rosenhebrewschool.com\/es\/about\/\",\"url\":\"https:\/\/rosenhebrewschool.com\/es\/about\/\",\"name\":\"Qui\u00e9nes somos: el instituto l\u00edder del hebreo moderno contempor\u00e1neo\",\"isPartOf\":{\"@id\":\"https:\/\/rosenhebrewschool.com\/#website\"},\"datePublished\":\"2016-09-20T08:30:53+00:00\",\"dateModified\":\"2025-08-13T10:09:14+00:00\",\"description\":\"Conozca la historia de nuestro instituto. Mezclamos la tradici\u00f3n jud\u00eda con la modernidad de las clases en l\u00ednea, todas impartidas por maestros israel\u00edes nativos, lo que permite que los alumnos de hebreo estudien el idioma de manera eficaz y divertida.\",\"breadcrumb\":{\"@id\":\"https:\/\/rosenhebrewschool.com\/es\/about\/#breadcrumb\"},\"inLanguage\":\"es\",\"potentialAction\":[{\"@type\":\"ReadAction\",\"target\":[\"https:\/\/rosenhebrewschool.com\/es\/about\/\"]}]},{\"@type\":\"BreadcrumbList\",\"@id\":\"https:\/\/rosenhebrewschool.com\/es\/about\/#breadcrumb\",\"itemListElement\":[{\"@type\":\"ListItem\",\"position\":1,\"name\":\"Home\",\"item\":\"https:\/\/rosenhebrewschool.com\/es\/\"},{\"@type\":\"ListItem\",\"position\":2,\"name\":\"Qui\u00e9nes Somos\"}]},{\"@type\":\"WebSite\",\"@id\":\"https:\/\/rosenhebrewschool.com\/#website\",\"url\":\"https:\/\/rosenhebrewschool.com\/\",\"name\":\"Rosen School of Hebrew\",\"description\":\"Deepen Your Understanding of the Bible\",\"potentialAction\":[{\"@type\":\"SearchAction\",\"target\":{\"@type\":\"EntryPoint\",\"urlTemplate\":\"https:\/\/rosenhebrewschool.com\/?s={search_term_string}\"},\"query-input\":{\"@type\":\"PropertyValueSpecification\",\"valueRequired\":true,\"valueName\":\"search_term_string\"}}],\"inLanguage\":\"es\"}]}<\/script>\n<!-- \/ Yoast SEO plugin. -->","yoast_head_json":{"title":"Qui\u00e9nes somos: el instituto l\u00edder del hebreo moderno contempor\u00e1neo","description":"Conozca la historia de nuestro instituto. Mezclamos la tradici\u00f3n jud\u00eda con la modernidad de las clases en l\u00ednea, todas impartidas por maestros israel\u00edes nativos, lo que permite que los alumnos de hebreo estudien el idioma de manera eficaz y divertida.","robots":{"index":"index","follow":"follow","max-snippet":"max-snippet:-1","max-image-preview":"max-image-preview:large","max-video-preview":"max-video-preview:-1"},"canonical":"https:\/\/rosenhebrewschool.com\/es\/about\/","og_locale":"es_ES","og_type":"article","og_title":"Qui\u00e9nes somos: el instituto l\u00edder del hebreo moderno contempor\u00e1neo","og_description":"Conozca la historia de nuestro instituto. Mezclamos la tradici\u00f3n jud\u00eda con la modernidad de las clases en l\u00ednea, todas impartidas por maestros israel\u00edes nativos, lo que permite que los alumnos de hebreo estudien el idioma de manera eficaz y divertida.","og_url":"https:\/\/rosenhebrewschool.com\/es\/about\/","og_site_name":"Rosen School of Hebrew","article_modified_time":"2025-08-13T10:09:14+00:00","twitter_card":"summary_large_image","schema":{"@context":"https:\/\/schema.org","@graph":[{"@type":"WebPage","@id":"https:\/\/rosenhebrewschool.com\/es\/about\/","url":"https:\/\/rosenhebrewschool.com\/es\/about\/","name":"Qui\u00e9nes somos: el instituto l\u00edder del hebreo moderno contempor\u00e1neo","isPartOf":{"@id":"https:\/\/rosenhebrewschool.com\/#website"},"datePublished":"2016-09-20T08:30:53+00:00","dateModified":"2025-08-13T10:09:14+00:00","description":"Conozca la historia de nuestro instituto. Mezclamos la tradici\u00f3n jud\u00eda con la modernidad de las clases en l\u00ednea, todas impartidas por maestros israel\u00edes nativos, lo que permite que los alumnos de hebreo estudien el idioma de manera eficaz y divertida.","breadcrumb":{"@id":"https:\/\/rosenhebrewschool.com\/es\/about\/#breadcrumb"},"inLanguage":"es","potentialAction":[{"@type":"ReadAction","target":["https:\/\/rosenhebrewschool.com\/es\/about\/"]}]},{"@type":"BreadcrumbList","@id":"https:\/\/rosenhebrewschool.com\/es\/about\/#breadcrumb","itemListElement":[{"@type":"ListItem","position":1,"name":"Home","item":"https:\/\/rosenhebrewschool.com\/es\/"},{"@type":"ListItem","position":2,"name":"Qui\u00e9nes Somos"}]},{"@type":"WebSite","@id":"https:\/\/rosenhebrewschool.com\/#website","url":"https:\/\/rosenhebrewschool.com\/","name":"Rosen School of Hebrew","description":"Deepen Your Understanding of the Bible","potentialAction":[{"@type":"SearchAction","target":{"@type":"EntryPoint","urlTemplate":"https:\/\/rosenhebrewschool.com\/?s={search_term_string}"},"query-input":{"@type":"PropertyValueSpecification","valueRequired":true,"valueName":"search_term_string"}}],"inLanguage":"es"}]}},"jetpack_shortlink":"https:\/\/wp.me\/PghxeR-nJ","jetpack_sharing_enabled":true,"_links":{"self":[{"href":"https:\/\/rosenhebrewschool.com\/es\/wp-json\/wp\/v2\/pages\/1471","targetHints":{"allow":["GET"]}}],"collection":[{"href":"https:\/\/rosenhebrewschool.com\/es\/wp-json\/wp\/v2\/pages"}],"about":[{"href":"https:\/\/rosenhebrewschool.com\/es\/wp-json\/wp\/v2\/types\/page"}],"author":[{"embeddable":true,"href":"https:\/\/rosenhebrewschool.com\/es\/wp-json\/wp\/v2\/users\/18"}],"replies":[{"embeddable":true,"href":"https:\/\/rosenhebrewschool.com\/es\/wp-json\/wp\/v2\/comments?post=1471"}],"version-history":[{"count":0,"href":"https:\/\/rosenhebrewschool.com\/es\/wp-json\/wp\/v2\/pages\/1471\/revisions"}],"wp:attachment":[{"href":"https:\/\/rosenhebrewschool.com\/es\/wp-json\/wp\/v2\/media?parent=1471"}],"curies":[{"name":"wp","href":"https:\/\/api.w.org\/{rel}","templated":true}]}}