{"id":6812,"date":"2016-09-29T09:16:11","date_gmt":"2016-09-29T09:16:11","guid":{"rendered":"http:\/\/eteacher.webstickprojects.co.il\/de\/home\/"},"modified":"2025-08-22T07:56:19","modified_gmt":"2025-08-22T07:56:19","slug":"home","status":"publish","type":"page","link":"https:\/\/rosenhebrewschool.com\/de\/","title":{"rendered":"Home"},"content":{"rendered":"","protected":false},"excerpt":{"rendered":"","protected":false},"author":18,"featured_media":0,"parent":0,"menu_order":0,"comment_status":"closed","ping_status":"closed","template":"page-home.php","meta":{"_acf_changed":false,"inline_featured_image":false,"footnotes":""},"class_list":["post-6812","page","type-page","status-publish","hentry"],"acf":[],"yoast_head":"<!-- This site is optimized with the Yoast SEO plugin v26.5 - https:\/\/yoast.com\/wordpress\/plugins\/seo\/ -->\n<title>Lernen Sie online Hebr\u00e4isch mit israelischen Lehrern: Die Rosen-Schule f\u00fcr Hebr\u00e4isch<\/title>\n<meta name=\"description\" content=\"In allen unseren Online-Kursen werden Sie lernen, Hebr\u00e4isch zu sprechen, zu lesen und zu schreiben und Ihr Wissen \u00fcber die j\u00fcdische Kultur anzureichern. Unsere Klassen passen zu allen Niveaus und werden durch die besten Lehrer Israels unterrichtet. Bestimmte Programme bieten die Akkreditierung durch die Hebr\u00e4ische Universit\u00e4t Jerusalem an.\" \/>\n<meta name=\"robots\" content=\"index, follow, max-snippet:-1, max-image-preview:large, max-video-preview:-1\" \/>\n<link rel=\"canonical\" href=\"https:\/\/rosenhebrewschool.com\/de\/\" \/>\n<meta property=\"og:locale\" content=\"de_DE\" \/>\n<meta property=\"og:type\" content=\"article\" \/>\n<meta property=\"og:title\" content=\"Lernen Sie online Hebr\u00e4isch mit israelischen Lehrern: Die Rosen-Schule f\u00fcr Hebr\u00e4isch\" \/>\n<meta property=\"og:description\" content=\"In allen unseren Online-Kursen werden Sie lernen, Hebr\u00e4isch zu sprechen, zu lesen und zu schreiben und Ihr Wissen \u00fcber die j\u00fcdische Kultur anzureichern. Unsere Klassen passen zu allen Niveaus und werden durch die besten Lehrer Israels unterrichtet. Bestimmte Programme bieten die Akkreditierung durch die Hebr\u00e4ische Universit\u00e4t Jerusalem an.\" \/>\n<meta property=\"og:url\" content=\"https:\/\/rosenhebrewschool.com\/de\/\" \/>\n<meta property=\"og:site_name\" content=\"Rosen School of Hebrew\" \/>\n<meta property=\"article:modified_time\" content=\"2025-08-22T07:56:19+00:00\" \/>\n<meta name=\"twitter:card\" content=\"summary_large_image\" \/>\n<script type=\"application\/ld+json\" class=\"yoast-schema-graph\">{\"@context\":\"https:\/\/schema.org\",\"@graph\":[{\"@type\":\"WebPage\",\"@id\":\"https:\/\/rosenhebrewschool.com\/de\/\",\"url\":\"https:\/\/rosenhebrewschool.com\/de\/\",\"name\":\"Lernen Sie online Hebr\u00e4isch mit israelischen Lehrern: Die Rosen-Schule f\u00fcr Hebr\u00e4isch\",\"isPartOf\":{\"@id\":\"https:\/\/rosenhebrewschool.com\/#website\"},\"datePublished\":\"2016-09-29T09:16:11+00:00\",\"dateModified\":\"2025-08-22T07:56:19+00:00\",\"description\":\"In allen unseren Online-Kursen werden Sie lernen, Hebr\u00e4isch zu sprechen, zu lesen und zu schreiben und Ihr Wissen \u00fcber die j\u00fcdische Kultur anzureichern. Unsere Klassen passen zu allen Niveaus und werden durch die besten Lehrer Israels unterrichtet. Bestimmte Programme bieten die Akkreditierung durch die Hebr\u00e4ische Universit\u00e4t Jerusalem an.\",\"breadcrumb\":{\"@id\":\"https:\/\/rosenhebrewschool.com\/de\/#breadcrumb\"},\"inLanguage\":\"de-DE\",\"potentialAction\":[{\"@type\":\"ReadAction\",\"target\":[\"https:\/\/rosenhebrewschool.com\/de\/\"]}]},{\"@type\":\"BreadcrumbList\",\"@id\":\"https:\/\/rosenhebrewschool.com\/de\/#breadcrumb\",\"itemListElement\":[{\"@type\":\"ListItem\",\"position\":1,\"name\":\"Home\",\"item\":\"https:\/\/rosenhebrewschool.com\/de\/\"},{\"@type\":\"ListItem\",\"position\":2,\"name\":\"Home\"}]},{\"@type\":\"WebSite\",\"@id\":\"https:\/\/rosenhebrewschool.com\/#website\",\"url\":\"https:\/\/rosenhebrewschool.com\/\",\"name\":\"Rosen School of Hebrew\",\"description\":\"Deepen Your Understanding of the Bible\",\"potentialAction\":[{\"@type\":\"SearchAction\",\"target\":{\"@type\":\"EntryPoint\",\"urlTemplate\":\"https:\/\/rosenhebrewschool.com\/?s={search_term_string}\"},\"query-input\":{\"@type\":\"PropertyValueSpecification\",\"valueRequired\":true,\"valueName\":\"search_term_string\"}}],\"inLanguage\":\"de-DE\"}]}<\/script>\n<!-- \/ Yoast SEO plugin. -->","yoast_head_json":{"title":"Lernen Sie online Hebr\u00e4isch mit israelischen Lehrern: Die Rosen-Schule f\u00fcr Hebr\u00e4isch","description":"In allen unseren Online-Kursen werden Sie lernen, Hebr\u00e4isch zu sprechen, zu lesen und zu schreiben und Ihr Wissen \u00fcber die j\u00fcdische Kultur anzureichern. Unsere Klassen passen zu allen Niveaus und werden durch die besten Lehrer Israels unterrichtet. Bestimmte Programme bieten die Akkreditierung durch die Hebr\u00e4ische Universit\u00e4t Jerusalem an.","robots":{"index":"index","follow":"follow","max-snippet":"max-snippet:-1","max-image-preview":"max-image-preview:large","max-video-preview":"max-video-preview:-1"},"canonical":"https:\/\/rosenhebrewschool.com\/de\/","og_locale":"de_DE","og_type":"article","og_title":"Lernen Sie online Hebr\u00e4isch mit israelischen Lehrern: Die Rosen-Schule f\u00fcr Hebr\u00e4isch","og_description":"In allen unseren Online-Kursen werden Sie lernen, Hebr\u00e4isch zu sprechen, zu lesen und zu schreiben und Ihr Wissen \u00fcber die j\u00fcdische Kultur anzureichern. Unsere Klassen passen zu allen Niveaus und werden durch die besten Lehrer Israels unterrichtet. Bestimmte Programme bieten die Akkreditierung durch die Hebr\u00e4ische Universit\u00e4t Jerusalem an.","og_url":"https:\/\/rosenhebrewschool.com\/de\/","og_site_name":"Rosen School of Hebrew","article_modified_time":"2025-08-22T07:56:19+00:00","twitter_card":"summary_large_image","schema":{"@context":"https:\/\/schema.org","@graph":[{"@type":"WebPage","@id":"https:\/\/rosenhebrewschool.com\/de\/","url":"https:\/\/rosenhebrewschool.com\/de\/","name":"Lernen Sie online Hebr\u00e4isch mit israelischen Lehrern: Die Rosen-Schule f\u00fcr Hebr\u00e4isch","isPartOf":{"@id":"https:\/\/rosenhebrewschool.com\/#website"},"datePublished":"2016-09-29T09:16:11+00:00","dateModified":"2025-08-22T07:56:19+00:00","description":"In allen unseren Online-Kursen werden Sie lernen, Hebr\u00e4isch zu sprechen, zu lesen und zu schreiben und Ihr Wissen \u00fcber die j\u00fcdische Kultur anzureichern. Unsere Klassen passen zu allen Niveaus und werden durch die besten Lehrer Israels unterrichtet. Bestimmte Programme bieten die Akkreditierung durch die Hebr\u00e4ische Universit\u00e4t Jerusalem an.","breadcrumb":{"@id":"https:\/\/rosenhebrewschool.com\/de\/#breadcrumb"},"inLanguage":"de-DE","potentialAction":[{"@type":"ReadAction","target":["https:\/\/rosenhebrewschool.com\/de\/"]}]},{"@type":"BreadcrumbList","@id":"https:\/\/rosenhebrewschool.com\/de\/#breadcrumb","itemListElement":[{"@type":"ListItem","position":1,"name":"Home","item":"https:\/\/rosenhebrewschool.com\/de\/"},{"@type":"ListItem","position":2,"name":"Home"}]},{"@type":"WebSite","@id":"https:\/\/rosenhebrewschool.com\/#website","url":"https:\/\/rosenhebrewschool.com\/","name":"Rosen School of Hebrew","description":"Deepen Your Understanding of the Bible","potentialAction":[{"@type":"SearchAction","target":{"@type":"EntryPoint","urlTemplate":"https:\/\/rosenhebrewschool.com\/?s={search_term_string}"},"query-input":{"@type":"PropertyValueSpecification","valueRequired":true,"valueName":"search_term_string"}}],"inLanguage":"de-DE"}]}},"jetpack_shortlink":"https:\/\/wp.me\/PghxeR-1LS","jetpack_sharing_enabled":true,"_links":{"self":[{"href":"https:\/\/rosenhebrewschool.com\/de\/wp-json\/wp\/v2\/pages\/6812","targetHints":{"allow":["GET"]}}],"collection":[{"href":"https:\/\/rosenhebrewschool.com\/de\/wp-json\/wp\/v2\/pages"}],"about":[{"href":"https:\/\/rosenhebrewschool.com\/de\/wp-json\/wp\/v2\/types\/page"}],"author":[{"embeddable":true,"href":"https:\/\/rosenhebrewschool.com\/de\/wp-json\/wp\/v2\/users\/18"}],"replies":[{"embeddable":true,"href":"https:\/\/rosenhebrewschool.com\/de\/wp-json\/wp\/v2\/comments?post=6812"}],"version-history":[{"count":0,"href":"https:\/\/rosenhebrewschool.com\/de\/wp-json\/wp\/v2\/pages\/6812\/revisions"}],"wp:attachment":[{"href":"https:\/\/rosenhebrewschool.com\/de\/wp-json\/wp\/v2\/media?parent=6812"}],"curies":[{"name":"wp","href":"https:\/\/api.w.org\/{rel}","templated":true}]}}