{"id":6800,"date":"2016-09-20T08:31:46","date_gmt":"2016-09-20T08:31:46","guid":{"rendered":"http:\/\/eteacher.webstickprojects.co.il\/de\/certificates\/"},"modified":"2024-09-10T09:31:23","modified_gmt":"2024-09-10T09:31:23","slug":"certificates","status":"publish","type":"page","link":"https:\/\/rosenhebrewschool.com\/de\/certificates\/","title":{"rendered":"Zertifizierung und Akkreditierung"},"content":{"rendered":"","protected":false},"excerpt":{"rendered":"","protected":false},"author":18,"featured_media":0,"parent":0,"menu_order":0,"comment_status":"closed","ping_status":"closed","template":"page-certificates.php","meta":{"_acf_changed":false,"inline_featured_image":false,"footnotes":""},"class_list":["post-6800","page","type-page","status-publish","hentry"],"acf":[],"yoast_head":"<!-- This site is optimized with the Yoast SEO plugin v26.5 - https:\/\/yoast.com\/wordpress\/plugins\/seo\/ -->\n<title>Zertifizierung und Akkreditierung: Die Rosen-Schule f\u00fcr Hebr\u00e4isch<\/title>\n<meta name=\"description\" content=\"Unsere Studenten k\u00f6nnen um die Anerkennung akademischer Kredite von der Hebr\u00e4ischen Universit\u00e4t Jerusalem f\u00fcr den Abschluss von Zertifizierungsprogrammen ersuchen. Werden Sie ein anerkannter Meister der hebr\u00e4ischen Sprache und benutzen Sie Ihre neu erlernten Hebr\u00e4isch-Kenntnisse, um selbst ein Lehrer zu werden.\" \/>\n<meta name=\"robots\" content=\"index, follow, max-snippet:-1, max-image-preview:large, max-video-preview:-1\" \/>\n<link rel=\"canonical\" href=\"https:\/\/rosenhebrewschool.com\/de\/certificates\/\" \/>\n<meta property=\"og:locale\" content=\"de_DE\" \/>\n<meta property=\"og:type\" content=\"article\" \/>\n<meta property=\"og:title\" content=\"Zertifizierung und Akkreditierung: Die Rosen-Schule f\u00fcr Hebr\u00e4isch\" \/>\n<meta property=\"og:description\" content=\"Unsere Studenten k\u00f6nnen um die Anerkennung akademischer Kredite von der Hebr\u00e4ischen Universit\u00e4t Jerusalem f\u00fcr den Abschluss von Zertifizierungsprogrammen ersuchen. Werden Sie ein anerkannter Meister der hebr\u00e4ischen Sprache und benutzen Sie Ihre neu erlernten Hebr\u00e4isch-Kenntnisse, um selbst ein Lehrer zu werden.\" \/>\n<meta property=\"og:url\" content=\"https:\/\/rosenhebrewschool.com\/de\/certificates\/\" \/>\n<meta property=\"og:site_name\" content=\"Rosen School of Hebrew\" \/>\n<meta property=\"article:modified_time\" content=\"2024-09-10T09:31:23+00:00\" \/>\n<meta name=\"twitter:card\" content=\"summary_large_image\" \/>\n<script type=\"application\/ld+json\" class=\"yoast-schema-graph\">{\"@context\":\"https:\/\/schema.org\",\"@graph\":[{\"@type\":\"WebPage\",\"@id\":\"https:\/\/rosenhebrewschool.com\/de\/certificates\/\",\"url\":\"https:\/\/rosenhebrewschool.com\/de\/certificates\/\",\"name\":\"Zertifizierung und Akkreditierung: Die Rosen-Schule f\u00fcr Hebr\u00e4isch\",\"isPartOf\":{\"@id\":\"https:\/\/rosenhebrewschool.com\/#website\"},\"datePublished\":\"2016-09-20T08:31:46+00:00\",\"dateModified\":\"2024-09-10T09:31:23+00:00\",\"description\":\"Unsere Studenten k\u00f6nnen um die Anerkennung akademischer Kredite von der Hebr\u00e4ischen Universit\u00e4t Jerusalem f\u00fcr den Abschluss von Zertifizierungsprogrammen ersuchen. Werden Sie ein anerkannter Meister der hebr\u00e4ischen Sprache und benutzen Sie Ihre neu erlernten Hebr\u00e4isch-Kenntnisse, um selbst ein Lehrer zu werden.\",\"breadcrumb\":{\"@id\":\"https:\/\/rosenhebrewschool.com\/de\/certificates\/#breadcrumb\"},\"inLanguage\":\"de-DE\",\"potentialAction\":[{\"@type\":\"ReadAction\",\"target\":[\"https:\/\/rosenhebrewschool.com\/de\/certificates\/\"]}]},{\"@type\":\"BreadcrumbList\",\"@id\":\"https:\/\/rosenhebrewschool.com\/de\/certificates\/#breadcrumb\",\"itemListElement\":[{\"@type\":\"ListItem\",\"position\":1,\"name\":\"Home\",\"item\":\"https:\/\/rosenhebrewschool.com\/de\/\"},{\"@type\":\"ListItem\",\"position\":2,\"name\":\"Zertifizierung und Akkreditierung\"}]},{\"@type\":\"WebSite\",\"@id\":\"https:\/\/rosenhebrewschool.com\/#website\",\"url\":\"https:\/\/rosenhebrewschool.com\/\",\"name\":\"Rosen School of Hebrew\",\"description\":\"Deepen Your Understanding of the Bible\",\"potentialAction\":[{\"@type\":\"SearchAction\",\"target\":{\"@type\":\"EntryPoint\",\"urlTemplate\":\"https:\/\/rosenhebrewschool.com\/?s={search_term_string}\"},\"query-input\":{\"@type\":\"PropertyValueSpecification\",\"valueRequired\":true,\"valueName\":\"search_term_string\"}}],\"inLanguage\":\"de-DE\"}]}<\/script>\n<!-- \/ Yoast SEO plugin. -->","yoast_head_json":{"title":"Zertifizierung und Akkreditierung: Die Rosen-Schule f\u00fcr Hebr\u00e4isch","description":"Unsere Studenten k\u00f6nnen um die Anerkennung akademischer Kredite von der Hebr\u00e4ischen Universit\u00e4t Jerusalem f\u00fcr den Abschluss von Zertifizierungsprogrammen ersuchen. Werden Sie ein anerkannter Meister der hebr\u00e4ischen Sprache und benutzen Sie Ihre neu erlernten Hebr\u00e4isch-Kenntnisse, um selbst ein Lehrer zu werden.","robots":{"index":"index","follow":"follow","max-snippet":"max-snippet:-1","max-image-preview":"max-image-preview:large","max-video-preview":"max-video-preview:-1"},"canonical":"https:\/\/rosenhebrewschool.com\/de\/certificates\/","og_locale":"de_DE","og_type":"article","og_title":"Zertifizierung und Akkreditierung: Die Rosen-Schule f\u00fcr Hebr\u00e4isch","og_description":"Unsere Studenten k\u00f6nnen um die Anerkennung akademischer Kredite von der Hebr\u00e4ischen Universit\u00e4t Jerusalem f\u00fcr den Abschluss von Zertifizierungsprogrammen ersuchen. Werden Sie ein anerkannter Meister der hebr\u00e4ischen Sprache und benutzen Sie Ihre neu erlernten Hebr\u00e4isch-Kenntnisse, um selbst ein Lehrer zu werden.","og_url":"https:\/\/rosenhebrewschool.com\/de\/certificates\/","og_site_name":"Rosen School of Hebrew","article_modified_time":"2024-09-10T09:31:23+00:00","twitter_card":"summary_large_image","schema":{"@context":"https:\/\/schema.org","@graph":[{"@type":"WebPage","@id":"https:\/\/rosenhebrewschool.com\/de\/certificates\/","url":"https:\/\/rosenhebrewschool.com\/de\/certificates\/","name":"Zertifizierung und Akkreditierung: Die Rosen-Schule f\u00fcr Hebr\u00e4isch","isPartOf":{"@id":"https:\/\/rosenhebrewschool.com\/#website"},"datePublished":"2016-09-20T08:31:46+00:00","dateModified":"2024-09-10T09:31:23+00:00","description":"Unsere Studenten k\u00f6nnen um die Anerkennung akademischer Kredite von der Hebr\u00e4ischen Universit\u00e4t Jerusalem f\u00fcr den Abschluss von Zertifizierungsprogrammen ersuchen. Werden Sie ein anerkannter Meister der hebr\u00e4ischen Sprache und benutzen Sie Ihre neu erlernten Hebr\u00e4isch-Kenntnisse, um selbst ein Lehrer zu werden.","breadcrumb":{"@id":"https:\/\/rosenhebrewschool.com\/de\/certificates\/#breadcrumb"},"inLanguage":"de-DE","potentialAction":[{"@type":"ReadAction","target":["https:\/\/rosenhebrewschool.com\/de\/certificates\/"]}]},{"@type":"BreadcrumbList","@id":"https:\/\/rosenhebrewschool.com\/de\/certificates\/#breadcrumb","itemListElement":[{"@type":"ListItem","position":1,"name":"Home","item":"https:\/\/rosenhebrewschool.com\/de\/"},{"@type":"ListItem","position":2,"name":"Zertifizierung und Akkreditierung"}]},{"@type":"WebSite","@id":"https:\/\/rosenhebrewschool.com\/#website","url":"https:\/\/rosenhebrewschool.com\/","name":"Rosen School of Hebrew","description":"Deepen Your Understanding of the Bible","potentialAction":[{"@type":"SearchAction","target":{"@type":"EntryPoint","urlTemplate":"https:\/\/rosenhebrewschool.com\/?s={search_term_string}"},"query-input":{"@type":"PropertyValueSpecification","valueRequired":true,"valueName":"search_term_string"}}],"inLanguage":"de-DE"}]}},"jetpack_shortlink":"https:\/\/wp.me\/PghxeR-1LG","jetpack_sharing_enabled":true,"_links":{"self":[{"href":"https:\/\/rosenhebrewschool.com\/de\/wp-json\/wp\/v2\/pages\/6800","targetHints":{"allow":["GET"]}}],"collection":[{"href":"https:\/\/rosenhebrewschool.com\/de\/wp-json\/wp\/v2\/pages"}],"about":[{"href":"https:\/\/rosenhebrewschool.com\/de\/wp-json\/wp\/v2\/types\/page"}],"author":[{"embeddable":true,"href":"https:\/\/rosenhebrewschool.com\/de\/wp-json\/wp\/v2\/users\/18"}],"replies":[{"embeddable":true,"href":"https:\/\/rosenhebrewschool.com\/de\/wp-json\/wp\/v2\/comments?post=6800"}],"version-history":[{"count":0,"href":"https:\/\/rosenhebrewschool.com\/de\/wp-json\/wp\/v2\/pages\/6800\/revisions"}],"wp:attachment":[{"href":"https:\/\/rosenhebrewschool.com\/de\/wp-json\/wp\/v2\/media?parent=6800"}],"curies":[{"name":"wp","href":"https:\/\/api.w.org\/{rel}","templated":true}]}}