{"id":6796,"date":"2016-09-20T08:30:53","date_gmt":"2016-09-20T08:30:53","guid":{"rendered":"http:\/\/eteacher.webstickprojects.co.il\/de\/about\/"},"modified":"2025-06-27T11:00:26","modified_gmt":"2025-06-27T11:00:26","slug":"about","status":"publish","type":"page","link":"https:\/\/rosenhebrewschool.com\/de\/about\/","title":{"rendered":"\u00dcber uns"},"content":{"rendered":"","protected":false},"excerpt":{"rendered":"","protected":false},"author":18,"featured_media":0,"parent":0,"menu_order":0,"comment_status":"closed","ping_status":"closed","template":"page-about.php","meta":{"_acf_changed":false,"inline_featured_image":false,"footnotes":""},"class_list":["post-6796","page","type-page","status-publish","hentry"],"acf":[],"yoast_head":"<!-- This site is optimized with the Yoast SEO plugin v26.5 - https:\/\/yoast.com\/wordpress\/plugins\/seo\/ -->\n<title>Wer wir sind: Das f\u00fchrende Institut f\u00fcr zeitgen\u00f6ssisches modernes Hebr\u00e4isch<\/title>\n<meta name=\"description\" content=\"Lernen Sie die Geschichte unseres Instituts kennen. Wir verbinden j\u00fcdische Tradition mit der Modernit\u00e4t unserer Online-Klassen, die alle von muttersprachlichen israelischen Lehrern unterrichtet werden, wodurch Hebr\u00e4isch-Lernende die Sprache effizient und auf unterhaltsame Art studieren k\u00f6nnen.\" \/>\n<meta name=\"robots\" content=\"index, follow, max-snippet:-1, max-image-preview:large, max-video-preview:-1\" \/>\n<link rel=\"canonical\" href=\"https:\/\/rosenhebrewschool.com\/de\/about\/\" \/>\n<meta property=\"og:locale\" content=\"de_DE\" \/>\n<meta property=\"og:type\" content=\"article\" \/>\n<meta property=\"og:title\" content=\"Wer wir sind: Das f\u00fchrende Institut f\u00fcr zeitgen\u00f6ssisches modernes Hebr\u00e4isch\" \/>\n<meta property=\"og:description\" content=\"Lernen Sie die Geschichte unseres Instituts kennen. Wir verbinden j\u00fcdische Tradition mit der Modernit\u00e4t unserer Online-Klassen, die alle von muttersprachlichen israelischen Lehrern unterrichtet werden, wodurch Hebr\u00e4isch-Lernende die Sprache effizient und auf unterhaltsame Art studieren k\u00f6nnen.\" \/>\n<meta property=\"og:url\" content=\"https:\/\/rosenhebrewschool.com\/de\/about\/\" \/>\n<meta property=\"og:site_name\" content=\"Rosen School of Hebrew\" \/>\n<meta property=\"article:modified_time\" content=\"2025-06-27T11:00:26+00:00\" \/>\n<meta name=\"twitter:card\" content=\"summary_large_image\" \/>\n<script type=\"application\/ld+json\" class=\"yoast-schema-graph\">{\"@context\":\"https:\/\/schema.org\",\"@graph\":[{\"@type\":\"WebPage\",\"@id\":\"https:\/\/rosenhebrewschool.com\/de\/about\/\",\"url\":\"https:\/\/rosenhebrewschool.com\/de\/about\/\",\"name\":\"Wer wir sind: Das f\u00fchrende Institut f\u00fcr zeitgen\u00f6ssisches modernes Hebr\u00e4isch\",\"isPartOf\":{\"@id\":\"https:\/\/rosenhebrewschool.com\/#website\"},\"datePublished\":\"2016-09-20T08:30:53+00:00\",\"dateModified\":\"2025-06-27T11:00:26+00:00\",\"description\":\"Lernen Sie die Geschichte unseres Instituts kennen. Wir verbinden j\u00fcdische Tradition mit der Modernit\u00e4t unserer Online-Klassen, die alle von muttersprachlichen israelischen Lehrern unterrichtet werden, wodurch Hebr\u00e4isch-Lernende die Sprache effizient und auf unterhaltsame Art studieren k\u00f6nnen.\",\"breadcrumb\":{\"@id\":\"https:\/\/rosenhebrewschool.com\/de\/about\/#breadcrumb\"},\"inLanguage\":\"de-DE\",\"potentialAction\":[{\"@type\":\"ReadAction\",\"target\":[\"https:\/\/rosenhebrewschool.com\/de\/about\/\"]}]},{\"@type\":\"BreadcrumbList\",\"@id\":\"https:\/\/rosenhebrewschool.com\/de\/about\/#breadcrumb\",\"itemListElement\":[{\"@type\":\"ListItem\",\"position\":1,\"name\":\"Home\",\"item\":\"https:\/\/rosenhebrewschool.com\/de\/\"},{\"@type\":\"ListItem\",\"position\":2,\"name\":\"\u00dcber uns\"}]},{\"@type\":\"WebSite\",\"@id\":\"https:\/\/rosenhebrewschool.com\/#website\",\"url\":\"https:\/\/rosenhebrewschool.com\/\",\"name\":\"Rosen School of Hebrew\",\"description\":\"Deepen Your Understanding of the Bible\",\"potentialAction\":[{\"@type\":\"SearchAction\",\"target\":{\"@type\":\"EntryPoint\",\"urlTemplate\":\"https:\/\/rosenhebrewschool.com\/?s={search_term_string}\"},\"query-input\":{\"@type\":\"PropertyValueSpecification\",\"valueRequired\":true,\"valueName\":\"search_term_string\"}}],\"inLanguage\":\"de-DE\"}]}<\/script>\n<!-- \/ Yoast SEO plugin. -->","yoast_head_json":{"title":"Wer wir sind: Das f\u00fchrende Institut f\u00fcr zeitgen\u00f6ssisches modernes Hebr\u00e4isch","description":"Lernen Sie die Geschichte unseres Instituts kennen. Wir verbinden j\u00fcdische Tradition mit der Modernit\u00e4t unserer Online-Klassen, die alle von muttersprachlichen israelischen Lehrern unterrichtet werden, wodurch Hebr\u00e4isch-Lernende die Sprache effizient und auf unterhaltsame Art studieren k\u00f6nnen.","robots":{"index":"index","follow":"follow","max-snippet":"max-snippet:-1","max-image-preview":"max-image-preview:large","max-video-preview":"max-video-preview:-1"},"canonical":"https:\/\/rosenhebrewschool.com\/de\/about\/","og_locale":"de_DE","og_type":"article","og_title":"Wer wir sind: Das f\u00fchrende Institut f\u00fcr zeitgen\u00f6ssisches modernes Hebr\u00e4isch","og_description":"Lernen Sie die Geschichte unseres Instituts kennen. Wir verbinden j\u00fcdische Tradition mit der Modernit\u00e4t unserer Online-Klassen, die alle von muttersprachlichen israelischen Lehrern unterrichtet werden, wodurch Hebr\u00e4isch-Lernende die Sprache effizient und auf unterhaltsame Art studieren k\u00f6nnen.","og_url":"https:\/\/rosenhebrewschool.com\/de\/about\/","og_site_name":"Rosen School of Hebrew","article_modified_time":"2025-06-27T11:00:26+00:00","twitter_card":"summary_large_image","schema":{"@context":"https:\/\/schema.org","@graph":[{"@type":"WebPage","@id":"https:\/\/rosenhebrewschool.com\/de\/about\/","url":"https:\/\/rosenhebrewschool.com\/de\/about\/","name":"Wer wir sind: Das f\u00fchrende Institut f\u00fcr zeitgen\u00f6ssisches modernes Hebr\u00e4isch","isPartOf":{"@id":"https:\/\/rosenhebrewschool.com\/#website"},"datePublished":"2016-09-20T08:30:53+00:00","dateModified":"2025-06-27T11:00:26+00:00","description":"Lernen Sie die Geschichte unseres Instituts kennen. Wir verbinden j\u00fcdische Tradition mit der Modernit\u00e4t unserer Online-Klassen, die alle von muttersprachlichen israelischen Lehrern unterrichtet werden, wodurch Hebr\u00e4isch-Lernende die Sprache effizient und auf unterhaltsame Art studieren k\u00f6nnen.","breadcrumb":{"@id":"https:\/\/rosenhebrewschool.com\/de\/about\/#breadcrumb"},"inLanguage":"de-DE","potentialAction":[{"@type":"ReadAction","target":["https:\/\/rosenhebrewschool.com\/de\/about\/"]}]},{"@type":"BreadcrumbList","@id":"https:\/\/rosenhebrewschool.com\/de\/about\/#breadcrumb","itemListElement":[{"@type":"ListItem","position":1,"name":"Home","item":"https:\/\/rosenhebrewschool.com\/de\/"},{"@type":"ListItem","position":2,"name":"\u00dcber uns"}]},{"@type":"WebSite","@id":"https:\/\/rosenhebrewschool.com\/#website","url":"https:\/\/rosenhebrewschool.com\/","name":"Rosen School of Hebrew","description":"Deepen Your Understanding of the Bible","potentialAction":[{"@type":"SearchAction","target":{"@type":"EntryPoint","urlTemplate":"https:\/\/rosenhebrewschool.com\/?s={search_term_string}"},"query-input":{"@type":"PropertyValueSpecification","valueRequired":true,"valueName":"search_term_string"}}],"inLanguage":"de-DE"}]}},"jetpack_shortlink":"https:\/\/wp.me\/PghxeR-1LC","jetpack_sharing_enabled":true,"_links":{"self":[{"href":"https:\/\/rosenhebrewschool.com\/de\/wp-json\/wp\/v2\/pages\/6796","targetHints":{"allow":["GET"]}}],"collection":[{"href":"https:\/\/rosenhebrewschool.com\/de\/wp-json\/wp\/v2\/pages"}],"about":[{"href":"https:\/\/rosenhebrewschool.com\/de\/wp-json\/wp\/v2\/types\/page"}],"author":[{"embeddable":true,"href":"https:\/\/rosenhebrewschool.com\/de\/wp-json\/wp\/v2\/users\/18"}],"replies":[{"embeddable":true,"href":"https:\/\/rosenhebrewschool.com\/de\/wp-json\/wp\/v2\/comments?post=6796"}],"version-history":[{"count":0,"href":"https:\/\/rosenhebrewschool.com\/de\/wp-json\/wp\/v2\/pages\/6796\/revisions"}],"wp:attachment":[{"href":"https:\/\/rosenhebrewschool.com\/de\/wp-json\/wp\/v2\/media?parent=6796"}],"curies":[{"name":"wp","href":"https:\/\/api.w.org\/{rel}","templated":true}]}}