{"id":21548,"date":"2017-12-04T08:15:55","date_gmt":"2017-12-04T08:15:55","guid":{"rendered":"https:\/\/rosenschoolstg.wpengine.com\/about\/aharon-rosen\/"},"modified":"2024-09-10T09:31:18","modified_gmt":"2024-09-10T09:31:18","slug":"aharon-rosen","status":"publish","type":"page","link":"https:\/\/rosenhebrewschool.com\/de\/about\/aharon-rosen\/","title":{"rendered":"\u00dcber die Aharon Rosen"},"content":{"rendered":"<p><strong>The Beginning of Passion<\/strong><br \/>\nThe grandfather of the school&#8217;s founders started from humble beginnings as an immigrant student, becoming a leading educator in the field of Hebrew language studies. Aharon Rosen\u2019s teaching methodology is considered to be a cornerstone of Hebrew teaching in Israel. Having immigrated to Israel as a young man, Rosen himself understood the difficulties of acquiring a second language, where as an adult the ability to express the simplest thought is suddenly a challenge.<\/p>\n<p><strong>From Hebrew Learner to Teacher<\/strong><br \/>\nBorn in Hungary in 1905, Rosen came to Israel in 1924 where he settled in Kfar Gideon in Northern Israel. It was here that he first became involved in teaching Hebrew, volunteering to organize Hebrew classes for the newer immigrants as waves of German immigrants made their way to Israel. Rosen\u2019s love of the language quickly made him a popular teacher, who sought to make his students\u2019 transition to Hebrew as smooth as possible, thereby easing the language barrier frustrations of his students.<\/p>\n<p><strong>Excellence in Education<\/strong><br \/>\nRosen\u2019s experience teaching Hebrew led him to create a highly successful, multi-stage teaching methodology, geared towards adults, which is still used by many teaching institutions today. His passion brought him the honor of being the first teacher invited by Edwin Samuel (2nd Viscount Samuel) to broadcast radio classes during the British Mandate. In the 1950s he was then offered a teaching position in the Hebrew University, where he later became the head of the Hebrew Department, a position he maintained till the end.<\/p>\n<p><strong>Innovation: the Key to Success<\/strong><br \/>\nThroughout his long and distinguished career, Aharon Rosen continually pursued excellence in Hebrew teaching. He published multiple textbooks introducing his innovative methodology, including his Thousand Words series which are recognized as the definitive Hebrew tuition text for immigrants and foreign students. Commissioned by the Ministry of Foreign Affairs, this was a landmark text in Hebrew education and became a best seller. Rosen\u2019s many writings include theoretical works translated into seven languages, as well as numerous articles addressing specific problems in adult language instruction, such as See, Hear and Read for the tuition of dyslexic students. With his years of experience and dedication, the foundations of teaching Hebrew as a second language to adults would not be the same without the creativity of this passionate educator.<\/p>\n","protected":false},"excerpt":{"rendered":"<p>The Beginning of Passion The grandfather of the school&#8217;s founders started from humble beginnings as an immigrant student, becoming a&#8230;<\/p>\n","protected":false},"author":43,"featured_media":0,"parent":6796,"menu_order":0,"comment_status":"closed","ping_status":"closed","template":"page-about-aharon.php","meta":{"_acf_changed":false,"inline_featured_image":false,"footnotes":""},"class_list":["post-21548","page","type-page","status-publish","hentry"],"acf":[],"yoast_head":"<!-- This site is optimized with the Yoast SEO plugin v26.5 - https:\/\/yoast.com\/wordpress\/plugins\/seo\/ -->\n<title>\u00dcber Aharon Rosen: Ein Pionier im Unterrichten des Hebr\u00e4ischen<\/title>\n<meta name=\"description\" content=\"Aharon Rosen war ein moderner Pionier im Unterrichten des Hebr\u00e4ischen. Er wurde vom Anf\u00e4nger im Hebr\u00e4isch-Lernen zu einem hervorragenden Hebr\u00e4isch-Professor und seine Lehre wurde der Grundstein, von dem aus wir unsere modernen Methoden, die hebr\u00e4ische Sprache zu unterrichten, entwickelten.\" \/>\n<meta name=\"robots\" content=\"index, follow, max-snippet:-1, max-image-preview:large, max-video-preview:-1\" \/>\n<link rel=\"canonical\" href=\"https:\/\/rosenhebrewschool.com\/de\/about\/aharon-rosen\/\" \/>\n<meta property=\"og:locale\" content=\"de_DE\" \/>\n<meta property=\"og:type\" content=\"article\" \/>\n<meta property=\"og:title\" content=\"\u00dcber Aharon Rosen: Ein Pionier im Unterrichten des Hebr\u00e4ischen\" \/>\n<meta property=\"og:description\" content=\"Aharon Rosen war ein moderner Pionier im Unterrichten des Hebr\u00e4ischen. Er wurde vom Anf\u00e4nger im Hebr\u00e4isch-Lernen zu einem hervorragenden Hebr\u00e4isch-Professor und seine Lehre wurde der Grundstein, von dem aus wir unsere modernen Methoden, die hebr\u00e4ische Sprache zu unterrichten, entwickelten.\" \/>\n<meta property=\"og:url\" content=\"https:\/\/rosenhebrewschool.com\/de\/about\/aharon-rosen\/\" \/>\n<meta property=\"og:site_name\" content=\"Rosen School of Hebrew\" \/>\n<meta property=\"article:modified_time\" content=\"2024-09-10T09:31:18+00:00\" \/>\n<meta name=\"twitter:card\" content=\"summary_large_image\" \/>\n<meta name=\"twitter:label1\" content=\"Gesch\u00e4tzte Lesezeit\" \/>\n\t<meta name=\"twitter:data1\" content=\"2 Minuten\" \/>\n<script type=\"application\/ld+json\" class=\"yoast-schema-graph\">{\"@context\":\"https:\/\/schema.org\",\"@graph\":[{\"@type\":\"WebPage\",\"@id\":\"https:\/\/rosenhebrewschool.com\/de\/about\/aharon-rosen\/\",\"url\":\"https:\/\/rosenhebrewschool.com\/de\/about\/aharon-rosen\/\",\"name\":\"\u00dcber Aharon Rosen: Ein Pionier im Unterrichten des Hebr\u00e4ischen\",\"isPartOf\":{\"@id\":\"https:\/\/rosenhebrewschool.com\/#website\"},\"datePublished\":\"2017-12-04T08:15:55+00:00\",\"dateModified\":\"2024-09-10T09:31:18+00:00\",\"description\":\"Aharon Rosen war ein moderner Pionier im Unterrichten des Hebr\u00e4ischen. Er wurde vom Anf\u00e4nger im Hebr\u00e4isch-Lernen zu einem hervorragenden Hebr\u00e4isch-Professor und seine Lehre wurde der Grundstein, von dem aus wir unsere modernen Methoden, die hebr\u00e4ische Sprache zu unterrichten, entwickelten.\",\"breadcrumb\":{\"@id\":\"https:\/\/rosenhebrewschool.com\/de\/about\/aharon-rosen\/#breadcrumb\"},\"inLanguage\":\"de-DE\",\"potentialAction\":[{\"@type\":\"ReadAction\",\"target\":[\"https:\/\/rosenhebrewschool.com\/de\/about\/aharon-rosen\/\"]}]},{\"@type\":\"BreadcrumbList\",\"@id\":\"https:\/\/rosenhebrewschool.com\/de\/about\/aharon-rosen\/#breadcrumb\",\"itemListElement\":[{\"@type\":\"ListItem\",\"position\":1,\"name\":\"Home\",\"item\":\"https:\/\/rosenhebrewschool.com\/de\/\"},{\"@type\":\"ListItem\",\"position\":2,\"name\":\"\u00dcber uns\",\"item\":\"https:\/\/rosenhebrewschool.com\/de\/about\/\"},{\"@type\":\"ListItem\",\"position\":3,\"name\":\"\u00dcber die Aharon Rosen\"}]},{\"@type\":\"WebSite\",\"@id\":\"https:\/\/rosenhebrewschool.com\/#website\",\"url\":\"https:\/\/rosenhebrewschool.com\/\",\"name\":\"Rosen School of Hebrew\",\"description\":\"Deepen Your Understanding of the Bible\",\"potentialAction\":[{\"@type\":\"SearchAction\",\"target\":{\"@type\":\"EntryPoint\",\"urlTemplate\":\"https:\/\/rosenhebrewschool.com\/?s={search_term_string}\"},\"query-input\":{\"@type\":\"PropertyValueSpecification\",\"valueRequired\":true,\"valueName\":\"search_term_string\"}}],\"inLanguage\":\"de-DE\"}]}<\/script>\n<!-- \/ Yoast SEO plugin. -->","yoast_head_json":{"title":"\u00dcber Aharon Rosen: Ein Pionier im Unterrichten des Hebr\u00e4ischen","description":"Aharon Rosen war ein moderner Pionier im Unterrichten des Hebr\u00e4ischen. Er wurde vom Anf\u00e4nger im Hebr\u00e4isch-Lernen zu einem hervorragenden Hebr\u00e4isch-Professor und seine Lehre wurde der Grundstein, von dem aus wir unsere modernen Methoden, die hebr\u00e4ische Sprache zu unterrichten, entwickelten.","robots":{"index":"index","follow":"follow","max-snippet":"max-snippet:-1","max-image-preview":"max-image-preview:large","max-video-preview":"max-video-preview:-1"},"canonical":"https:\/\/rosenhebrewschool.com\/de\/about\/aharon-rosen\/","og_locale":"de_DE","og_type":"article","og_title":"\u00dcber Aharon Rosen: Ein Pionier im Unterrichten des Hebr\u00e4ischen","og_description":"Aharon Rosen war ein moderner Pionier im Unterrichten des Hebr\u00e4ischen. Er wurde vom Anf\u00e4nger im Hebr\u00e4isch-Lernen zu einem hervorragenden Hebr\u00e4isch-Professor und seine Lehre wurde der Grundstein, von dem aus wir unsere modernen Methoden, die hebr\u00e4ische Sprache zu unterrichten, entwickelten.","og_url":"https:\/\/rosenhebrewschool.com\/de\/about\/aharon-rosen\/","og_site_name":"Rosen School of Hebrew","article_modified_time":"2024-09-10T09:31:18+00:00","twitter_card":"summary_large_image","twitter_misc":{"Gesch\u00e4tzte Lesezeit":"2 Minuten"},"schema":{"@context":"https:\/\/schema.org","@graph":[{"@type":"WebPage","@id":"https:\/\/rosenhebrewschool.com\/de\/about\/aharon-rosen\/","url":"https:\/\/rosenhebrewschool.com\/de\/about\/aharon-rosen\/","name":"\u00dcber Aharon Rosen: Ein Pionier im Unterrichten des Hebr\u00e4ischen","isPartOf":{"@id":"https:\/\/rosenhebrewschool.com\/#website"},"datePublished":"2017-12-04T08:15:55+00:00","dateModified":"2024-09-10T09:31:18+00:00","description":"Aharon Rosen war ein moderner Pionier im Unterrichten des Hebr\u00e4ischen. Er wurde vom Anf\u00e4nger im Hebr\u00e4isch-Lernen zu einem hervorragenden Hebr\u00e4isch-Professor und seine Lehre wurde der Grundstein, von dem aus wir unsere modernen Methoden, die hebr\u00e4ische Sprache zu unterrichten, entwickelten.","breadcrumb":{"@id":"https:\/\/rosenhebrewschool.com\/de\/about\/aharon-rosen\/#breadcrumb"},"inLanguage":"de-DE","potentialAction":[{"@type":"ReadAction","target":["https:\/\/rosenhebrewschool.com\/de\/about\/aharon-rosen\/"]}]},{"@type":"BreadcrumbList","@id":"https:\/\/rosenhebrewschool.com\/de\/about\/aharon-rosen\/#breadcrumb","itemListElement":[{"@type":"ListItem","position":1,"name":"Home","item":"https:\/\/rosenhebrewschool.com\/de\/"},{"@type":"ListItem","position":2,"name":"\u00dcber uns","item":"https:\/\/rosenhebrewschool.com\/de\/about\/"},{"@type":"ListItem","position":3,"name":"\u00dcber die Aharon Rosen"}]},{"@type":"WebSite","@id":"https:\/\/rosenhebrewschool.com\/#website","url":"https:\/\/rosenhebrewschool.com\/","name":"Rosen School of Hebrew","description":"Deepen Your Understanding of the Bible","potentialAction":[{"@type":"SearchAction","target":{"@type":"EntryPoint","urlTemplate":"https:\/\/rosenhebrewschool.com\/?s={search_term_string}"},"query-input":{"@type":"PropertyValueSpecification","valueRequired":true,"valueName":"search_term_string"}}],"inLanguage":"de-DE"}]}},"jetpack_shortlink":"https:\/\/wp.me\/PghxeR-5By","jetpack_sharing_enabled":true,"_links":{"self":[{"href":"https:\/\/rosenhebrewschool.com\/de\/wp-json\/wp\/v2\/pages\/21548","targetHints":{"allow":["GET"]}}],"collection":[{"href":"https:\/\/rosenhebrewschool.com\/de\/wp-json\/wp\/v2\/pages"}],"about":[{"href":"https:\/\/rosenhebrewschool.com\/de\/wp-json\/wp\/v2\/types\/page"}],"author":[{"embeddable":true,"href":"https:\/\/rosenhebrewschool.com\/de\/wp-json\/wp\/v2\/users\/43"}],"replies":[{"embeddable":true,"href":"https:\/\/rosenhebrewschool.com\/de\/wp-json\/wp\/v2\/comments?post=21548"}],"version-history":[{"count":0,"href":"https:\/\/rosenhebrewschool.com\/de\/wp-json\/wp\/v2\/pages\/21548\/revisions"}],"up":[{"embeddable":true,"href":"https:\/\/rosenhebrewschool.com\/de\/wp-json\/wp\/v2\/pages\/6796"}],"wp:attachment":[{"href":"https:\/\/rosenhebrewschool.com\/de\/wp-json\/wp\/v2\/media?parent=21548"}],"curies":[{"name":"wp","href":"https:\/\/api.w.org\/{rel}","templated":true}]}}